{"id":3,"date":"2023-11-21T12:21:42","date_gmt":"2023-11-21T11:21:42","guid":{"rendered":"http:\/\/soguefripe.fr\/?page_id=3"},"modified":"2024-03-13T11:53:05","modified_gmt":"2024-03-13T10:53:05","slug":"politique-de-confidentialite","status":"publish","type":"page","link":"https:\/\/soguefripe.fr\/index.php\/politique-de-confidentialite\/","title":{"rendered":"Politique de confidentialit\u00e9"},"content":{"rendered":"\t\t<div data-elementor-type=\"wp-page\" data-elementor-id=\"3\" class=\"elementor elementor-3\">\n\t\t\t\t<div class=\"elementor-element elementor-element-3542415f e-flex e-con-boxed e-con e-parent\" data-id=\"3542415f\" data-element_type=\"container\" data-e-type=\"container\">\n\t\t\t\t\t<div class=\"e-con-inner\">\n\t\t\t\t<div class=\"elementor-element elementor-element-7b25041b elementor-widget elementor-widget-text-editor\" data-id=\"7b25041b\" data-element_type=\"widget\" data-e-type=\"widget\" data-widget_type=\"text-editor.default\">\n\t\t\t\t<div class=\"elementor-widget-container\">\n\t\t\t\t\t\t\t\t\t<p>Pour rappel, la r\u00e9glementation europ\u00e9enne d\u00e9finit une donn\u00e9e \u00e0 caract\u00e8re personnel (ci-apr\u00e8s \u00ab\u00a0donn\u00e9es personnelles\u00a0\u00bb) comme toute information susceptible d\u2019identi\ufb01er une personne physique. La mise en \u0153uvre de traitements automatis\u00e9s de donn\u00e9es personnelles est notamment r\u00e9gie par le <strong>R\u00e8glement (UE) 2016\/679<\/strong> du Parlement europ\u00e9en et du Conseil du 27 avril 2016 relatif \u00e0 la protection des personnes physiques \u00e0 l&#8217;\u00e9gard du traitement des donn\u00e9es \u00e0 caract\u00e8re personnel et \u00e0 la libre circulation de ces donn\u00e9es, ci-apr\u00e8s d\u00e9sign\u00e9 \u00ab\u00a0<strong>RGPD<\/strong>\u00a0\u00bb.<\/p>\n<p>Dans le cadre de ses activit\u00e9s, Madame Maryline TOURE \u00a0est amen\u00e9e \u00e0 traiter des donn\u00e9es \u00e0 caract\u00e8re personnel. Certaines informations sont obligatoires pour acc\u00e9der au service ou proc\u00e9der \u00e0 l\u2019op\u00e9ration souhait\u00e9e.<\/p>\n<p>Elles font l\u2019objet d\u2019un traitement automatis\u00e9 et sont uniquement destin\u00e9es \u00e0 Madame Maryline TOURE, en qualit\u00e9 d\u2019entrepreneur individuel.<\/p>\n<ol>\n<li><br \/><strong>Collecte des donn\u00e9es personnelles<\/strong><\/li>\n<\/ol>\n<p>Les donn\u00e9es \u00e0 caract\u00e8re personnel qui sont collect\u00e9es sur ce Site (ou \u00ab\u00a0Plateforme\u00a0\u00bb) sont les suivantes\u00a0:<\/p>\n<p><em><u>Formulaire de contact\u00a0<\/u><\/em><\/p>\n<p>Le formulaire de contact propos\u00e9 sur le Site internet permet \u00e0 l\u2019Utilisateur de renseigner ses nom et adresse \u00e9lectronique afin d\u2019\u00eatre recontact\u00e9.<\/p>\n<p><em><u>Cr\u00e9ation de compte client\u00a0<\/u><\/em><\/p>\n<p>L\u2019Utilisateur a la possibilit\u00e9 de cr\u00e9er un compte client en renseignant son adresse \u00e9lectronique.<\/p>\n<p><em><u>Commande<\/u><\/em><\/p>\n<p>En proc\u00e9dant \u00e0 sa commande, l\u2019Utilisateur renseigne ses nom, pr\u00e9nom, adresse, adresse \u00e9lectronique, num\u00e9ro de t\u00e9l\u00e9phone ainsi que ses donn\u00e9es de paiement.<\/p>\n<p><em><u>Cookies<\/u><\/em><\/p>\n<p>Les cookies sont utilis\u00e9s, dans le cadre de l\u2019utilisation du Site. L\u2019Utilisateur a la possibilit\u00e9 de d\u00e9sactiver les cookies \u00e0 partir des param\u00e8tres de son navigateur (voir bandeau \u00ab\u00a0Cookies\u00a0\u00bb).<\/p>\n<p>\u00a0<\/p>\n<ol start=\"2\">\n<li><strong> Utilisation des donn\u00e9es personnelles<\/strong><\/li>\n<\/ol>\n<p>Les donn\u00e9es personnelles collect\u00e9es aupr\u00e8s des utilisateurs ont pour objectif la mise \u00e0 disposition des services du Site, leur am\u00e9lioration et le maintien d\u2019un environnement s\u00e9curis\u00e9 (notamment par le biais de cookies).<\/p>\n<p>Plus pr\u00e9cis\u00e9ment, les utilisations sont les suivantes\u00a0:<\/p>\n<p>\u2013\u00a0\u00a0acc\u00e8s et utilisation du Site internet par l\u2019Utilisateur\u00a0;<\/p>\n<p>\u2013\u00a0 gestion de la relation client\u00a0;<\/p>\n<p>\u2013\u00a0\u00a0gestion des \u00e9ventuels litiges avec les utilisateurs\u00a0;<\/p>\n<p>\u2013\u00a0 prospection commerciale ;<\/p>\n<p>\u2013\u00a0\u00a0communication d\u2019informations (renseignements sur les biens et\/ou services propos\u00e9s\u2026).<\/p>\n<ol start=\"3\">\n<li><strong> Partage des donn\u00e9es personnelles avec des tiers<\/strong><\/li>\n<\/ol>\n<p>Les donn\u00e9es personnelles peuvent \u00eatre partag\u00e9es avec des soci\u00e9t\u00e9s tierces, dans les cas suivants\u00a0:<\/p>\n<p>\u2013\u00a0\u00a0quand l\u2019Utilisateur autorise le Site web d\u2019un tiers \u00e0 acc\u00e9der \u00e0 ses donn\u00e9es\u00a0;<\/p>\n<p>\u2013\u00a0\u00a0quand la Plateforme recourt aux services de prestataires pour fournir l\u2019assistance utilisateurs, permettre le paiement en ligne (Stripe, Paypal \u00e0 titre non exhaustif), assurer la livraison (La Poste ou autre transporteur convenu avec le client). Ces prestataires disposent d\u2019un acc\u00e8s limit\u00e9 aux donn\u00e9es de l\u2019utilisateur, dans le cadre de l\u2019ex\u00e9cution de ces prestations, et ont une obligation contractuelle de les utiliser en conformit\u00e9 avec les dispositions de la r\u00e9glementation applicable en mati\u00e8re protection des donn\u00e9es \u00e0 caract\u00e8re personnel\u00a0;<\/p>\n<p>\u2013\u00a0\u00a0si la loi l\u2019exige, la Plateforme peut effectuer la transmission de donn\u00e9es pour donner suite aux r\u00e9clamations pr\u00e9sent\u00e9es contre la Plateforme et se conformer aux proc\u00e9dures administratives et judiciaires\u00a0;<\/p>\n<p>\u2013\u00a0\u00a0si la Plateforme est impliqu\u00e9e dans une op\u00e9ration de fusion, acquisition, cession d\u2019actifs ou proc\u00e9dure de redressement judiciaire, elle pourra \u00eatre amen\u00e9e \u00e0 c\u00e9der ou partager tout ou partie de ses actifs, y compris les donn\u00e9es \u00e0 caract\u00e8re personnel. Dans ce cas, les utilisateurs seraient inform\u00e9s, avant que les donn\u00e9es \u00e0 caract\u00e8re personnel ne soient transf\u00e9r\u00e9es \u00e0 une tierce partie.<\/p>\n<p>Les donn\u00e9es \u00e0 caract\u00e8re personnel collect\u00e9es ne seront pas lou\u00e9es, vendues ou pr\u00eat\u00e9es \u00e0 un tiers sans que l\u2019Utilisateur en soit pr\u00e9alablement inform\u00e9. Tout transfert ou mise \u00e0 disposition de donn\u00e9es ne pourra intervenir qu\u2019avec l\u2019accord pr\u00e9alable de l\u2019Utilisateur ou \u00e0 d\u00e9faut d\u2019opposition de sa part.<\/p>\n<ol start=\"4\">\n<li><strong> Base juridique<\/strong><\/li>\n<\/ol>\n<p><strong>\u00a0<\/strong>Les bases juridiques du traitement sont l\u2019ex\u00e9cution contractuelle et le consentement d\u00e8s lors que la collecte des donn\u00e9es permet la fid\u00e9lisation de la client\u00e8le.<\/p>\n<ol start=\"5\">\n<li><strong> Dur\u00e9e de conservation<\/strong><\/li>\n<\/ol>\n<p>La dur\u00e9e de conservation des donn\u00e9es est le temps de la prescription\u00a0commerciale.<\/p>\n<p>Ainsi, la plupart des donn\u00e9es (telles que les informations de l\u2019Espace client de l\u2019Utilisateur et de son historique des commandes) sont conserv\u00e9es tant que ce dernier est un client \u00ab actif \u00bb et pendant une dur\u00e9e de 5 ans \u00e0 compter de sa derni\u00e8re activit\u00e9 (achat ou contact par exemple).<\/p>\n<p>Les donn\u00e9es du client sont ensuite archiv\u00e9es avec un acc\u00e8s restreint pour une dur\u00e9e suppl\u00e9mentaire pour des raisons limit\u00e9es et autoris\u00e9es par la loi (paiement, garantie, litiges \u2026). Pass\u00e9 ce d\u00e9lai, elles sont supprim\u00e9es.<\/p>\n<p>Les donn\u00e9es bancaires de l\u2019Utilisateur sont conserv\u00e9es par les prestataires de paiement s\u00e9curis\u00e9s pendant 15 mois conform\u00e9ment \u00e0 l\u2019article L133-24 du Code Mon\u00e9taire et Financier.<\/p>\n<p>Le d\u00e9lai de validit\u00e9 du consentement au d\u00e9p\u00f4t des cookies est de treize\u00a0mois. \u00c0 l\u2019expiration de ce d\u00e9lai, le consentement sera \u00e0 nouveau recueilli.\u00a0<\/p>\n<ol start=\"5\">\n<li><strong> S\u00e9curit\u00e9 et confidentialit\u00e9<\/strong><\/li>\n<\/ol>\n<p>La Plateforme met en \u0153uvre des mesures organisationnelles, techniques, logicielles et physiques en mati\u00e8re de s\u00e9curit\u00e9 du num\u00e9rique pour prot\u00e9ger les donn\u00e9es personnelles contre les alt\u00e9rations, destructions et acc\u00e8s non autoris\u00e9s. Toutefois, il est \u00e0 signaler qu\u2019internet n\u2019est pas un environnement compl\u00e8tement s\u00e9curis\u00e9 et la Plateforme ne peut pas garantir la s\u00e9curit\u00e9 de la transmission ou du stockage des informations sur internet.<\/p>\n<ol start=\"6\">\n<li><strong> Cookies<\/strong><\/li>\n<\/ol>\n<p>Les cookies sont des fichiers textes stock\u00e9s au sein du terminal de connexion de l\u2019Utilisateur et utilis\u00e9s pour enregistrer des donn\u00e9es \u00e0 caract\u00e8re personnel et des donn\u00e9es techniques relatifs \u00e0 la navigation sur le site internet. Les cookies peuvent \u00eatre temporaires ou permanents.<\/p>\n<p>Le site internet \u00abwww.soguefripe.fr\u00a0\u00bb utilise des cookies ou d\u2019autres technologies (ci-apr\u00e8s d\u00e9sign\u00e9s \u00ab cookies \u00bb) susceptibles de collecter ou conserver les donn\u00e9es \u00e0 caract\u00e8re personnel des utilisateurs.<\/p>\n<p>Les cookies sont exploit\u00e9s afin :<\/p>\n<ul>\n<li>D\u2019am\u00e9liorer l\u2019exp\u00e9rience utilisateur, notamment par :\n<ul>\n<li>La reconnaissance de son terminal de connexion\u00a0;<\/li>\n<li>La reconnaissance de son nom d\u2019utilisateur et du mot de passe.<\/li>\n<\/ul>\n<\/li>\n<\/ul>\n<ul>\n<li>Analyser le trafic et les donn\u00e9es sur le site internet afin de :\n<ul>\n<li>Mesurer l\u2019audience du site internet afin d\u2019en am\u00e9liorer l\u2019exp\u00e9rience utilisateur\u00a0;<\/li>\n<li>Comprendre la mani\u00e8re dont vous utilisez ledit site internet afin d\u2019am\u00e9liorer les fonctionnalit\u00e9s et la performance.<\/li>\n<\/ul>\n<\/li>\n<\/ul>\n<p>Le pr\u00e9sent site internet utilise les cookies de COMPLIANZ pour r\u00e9aliser les mesures ci-dessus r\u00e9f\u00e9renc\u00e9es.<\/p>\n<p>Une banni\u00e8re de consentement avertira l\u2019Utilisateur la premi\u00e8re fois que celui-ci se connecte au site internet par laquelle il peut d\u00e9cider d\u2019accepter ou de refuser les cookies.<\/p>\n<p>Pour en savoir plus, sur les cookies, l\u2019Utilisateur est invit\u00e9 \u00e0 consulter le bandeau \u00ab\u00a0Cookies\u00a0\u00bb du pr\u00e9sent site.<\/p>\n<ol start=\"7\">\n<li><strong> Mise en \u0153uvre des droits des utilisateurs<\/strong><\/li>\n<\/ol>\n<p>En application de la r\u00e9glementation applicable aux donn\u00e9es \u00e0 caract\u00e8re personnel, les utilisateurs disposent des droits suivants\u00a0:<\/p>\n<p>\u2013\u00a0\u00a0ils peuvent exercer leur droit d\u2019acc\u00e8s pour conna\u00eetre les donn\u00e9es personnelles les concernant\u00a0;<\/p>\n<p>\u2013\u00a0 ils peuvent s\u2019opposer \u00e0 tout moment au traitement des donn\u00e9es \u00e0 des fins de prospection\u00a0;<\/p>\n<p>\u2013\u00a0\u00a0si les donn\u00e9es \u00e0 caract\u00e8re personnel d\u00e9tenues par la Plateforme sont inexactes, ils peuvent demander la mise \u00e0 jour de leurs informations ;<\/p>\n<p>\u2013\u00a0\u00a0ils peuvent r\u00e9clamer dans certains cas pr\u00e9vus par la loi, que l\u2019utilisation du traitement de leurs donn\u00e9es soit limit\u00e9e, notamment s\u2019ils remettent en cause ledit traitement et pour la dur\u00e9e d\u2019un diff\u00e9rend qui les oppose \u00e0 la microentreprise de Madame Maryline TOURE\u00a0 ;<\/p>\n<p>\u2013\u00a0\u00a0ils peuvent r\u00e9cup\u00e9rer leurs donn\u00e9es ou exiger leur transmission \u00e0 des prestataires tiers\u00a0;<\/p>\n<p>\u2013\u00a0\u00a0ils peuvent ne pas faire l\u2019objet d\u2019une d\u00e9cision fond\u00e9e exclusivement sur un traitement automatis\u00e9, y compris le profilage produisant des effets juridiques les concernant ou affectant de mani\u00e8re significative de fa\u00e7on similaire\u00a0;<\/p>\n<p>\u2013\u00a0\u00a0ils peuvent demander la suppression de leurs donn\u00e9es \u00e0 caract\u00e8re personnel, conform\u00e9ment aux lois applicables en mati\u00e8re de protection des donn\u00e9es\u00a0;<\/p>\n<p>\u2013\u00a0\u00a0ils peuvent d\u00e9finir des directives g\u00e9n\u00e9rales et particuli\u00e8res d\u00e9finissant la mani\u00e8re dont ils entendent que soient exerc\u00e9s, apr\u00e8s leur d\u00e9c\u00e8s, les droits pr\u00e9cit\u00e9s.<\/p>\n<p>Madame Maryline TOURE, en qualit\u00e9 de micro-entrepreneuse est responsable de traitement et est \u00e0 la disposition des utilisateurs pour toute demande relative aux donn\u00e9es personnelles.<\/p>\n<p>L\u2019Utilisateur peut exercer ses droits (\u00e9nonc\u00e9s ci-dessus) en adressant un courriel \u00e0 contact@soguefripe.fr ou en adressant un courrier postal \u00e0 l\u2019adresse suivante 8 rue Charles Fourier 94500 Champigny-sur-Marne en pr\u00e9cisant ses nom et pr\u00e9nom et l\u2019objet de sa demande. La demande sera trait\u00e9e dans un d\u00e9lai de 30 jours maximum, sous r\u00e9serve qu\u2019un justificatif d\u2019identit\u00e9 soit produit.<\/p>\n<p>Au besoin, et comme la loi le permet, ce d\u00e9lai pourra \u00eatre prolong\u00e9 de 2 mois, si les demandes adress\u00e9es sont complexes ou nombreuses. Dans ce cas, l\u2019Utilisateur sera inform\u00e9 de cette prolongation et des motifs du report.<\/p>\n<p>En cas de dommage mat\u00e9riel ou moral li\u00e9 \u00e0 la violation du RGPD, l\u2019Utilisateur dispose \u00e9galement d\u2019un droit de recours et peut d\u00e9poser une r\u00e9clamation aupr\u00e8s de\u00a0<a href=\"https:\/\/www.cnil.fr\/\">la Commission nationale Informatique et libert\u00e9s (CNIL)<\/a>.<\/p>\n<p>Cette r\u00e9clamation peut \u00eatre faite\u00a0sur le site internet de la CNIL (<a href=\"https:\/\/www.cnil.fr\/fr\/plaintes\"><em>https:\/\/www.cnil.fr\/fr\/plaintes<\/em><\/a>) ou par courrier postal en \u00e9crivant \u00e0\u00a0:<\/p>\n<p>CNIL \u2013 3 Place de Fontenoy \u2013 TSA 80715 \u2013 75334 PARIS CEDEX 07.<\/p>\n<ol start=\"7\">\n<li><strong> \u00c9volution de la pr\u00e9sente clause<\/strong><\/li>\n<\/ol>\n<p>La Plateforme se r\u00e9serve le droit d\u2019apporter toute modification \u00e0 la pr\u00e9sente clause relative \u00e0 la protection des donn\u00e9es \u00e0 caract\u00e8re personnel \u00e0 tout moment. Si une modification est apport\u00e9e, la Plateforme s\u2019engage \u00e0 publier la nouvelle version sur son Site. La Plateforme informera \u00e9galement les utilisateurs de la modification par messagerie \u00e9lectronique, dans un d\u00e9lai minimum de 15\u00a0jours avant la date d\u2019effet. Si l\u2019Utilisateur n\u2019est pas d\u2019accord avec les termes de la nouvelle r\u00e9daction de la clause de protection des donn\u00e9es \u00e0 caract\u00e8re personnel, il a la possibilit\u00e9 de supprimer son compte.<\/p>\t\t\t\t\t\t\t\t<\/div>\n\t\t\t\t<\/div>\n\t\t\t\t\t<\/div>\n\t\t\t\t<\/div>\n\t\t\t\t<\/div>\n\t\t","protected":false},"excerpt":{"rendered":"<p>Pour rappel, la r\u00e9glementation europ\u00e9enne d\u00e9finit une donn\u00e9e \u00e0 caract\u00e8re personnel (ci-apr\u00e8s \u00ab\u00a0donn\u00e9es personnelles\u00a0\u00bb) comme toute information susceptible d\u2019identi\ufb01er une personne physique. La mise en \u0153uvre de traitements automatis\u00e9s de donn\u00e9es personnelles est notamment r\u00e9gie par le R\u00e8glement (UE) 2016\/679 du Parlement europ\u00e9en et du Conseil du 27 avril 2016 relatif \u00e0 la protection des [&hellip;]<\/p>\n","protected":false},"author":1,"featured_media":0,"parent":0,"menu_order":0,"comment_status":"closed","ping_status":"open","template":"","meta":{"site-sidebar-layout":"default","site-content-layout":"","ast-site-content-layout":"default","site-content-style":"default","site-sidebar-style":"default","ast-global-header-display":"","ast-banner-title-visibility":"","ast-main-header-display":"","ast-hfb-above-header-display":"","ast-hfb-below-header-display":"","ast-hfb-mobile-header-display":"","site-post-title":"","ast-breadcrumbs-content":"","ast-featured-img":"","footer-sml-layout":"","theme-transparent-header-meta":"","adv-header-id-meta":"","stick-header-meta":"","header-above-stick-meta":"","header-main-stick-meta":"","header-below-stick-meta":"","astra-migrate-meta-layouts":"set","ast-page-background-enabled":"default","ast-page-background-meta":{"desktop":{"background-color":"","background-image":"","background-repeat":"repeat","background-position":"center center","background-size":"auto","background-attachment":"scroll","background-type":"","background-media":"","overlay-type":"","overlay-color":"","overlay-gradient":""},"tablet":{"background-color":"","background-image":"","background-repeat":"repeat","background-position":"center center","background-size":"auto","background-attachment":"scroll","background-type":"","background-media":"","overlay-type":"","overlay-color":"","overlay-gradient":""},"mobile":{"background-color":"","background-image":"","background-repeat":"repeat","background-position":"center center","background-size":"auto","background-attachment":"scroll","background-type":"","background-media":"","overlay-type":"","overlay-color":"","overlay-gradient":""}},"ast-content-background-meta":{"desktop":{"background-color":"var(--ast-global-color-5)","background-image":"","background-repeat":"repeat","background-position":"center center","background-size":"auto","background-attachment":"scroll","background-type":"","background-media":"","overlay-type":"","overlay-color":"","overlay-gradient":""},"tablet":{"background-color":"var(--ast-global-color-5)","background-image":"","background-repeat":"repeat","background-position":"center center","background-size":"auto","background-attachment":"scroll","background-type":"","background-media":"","overlay-type":"","overlay-color":"","overlay-gradient":""},"mobile":{"background-color":"var(--ast-global-color-5)","background-image":"","background-repeat":"repeat","background-position":"center center","background-size":"auto","background-attachment":"scroll","background-type":"","background-media":"","overlay-type":"","overlay-color":"","overlay-gradient":""}},"footnotes":""},"class_list":["post-3","page","type-page","status-publish","hentry"],"yoast_head":"<!-- This site is optimized with the Yoast SEO plugin v27.4 - https:\/\/yoast.com\/product\/yoast-seo-wordpress\/ -->\n<title>Politique de confidentialit\u00e9 - SOGUE<\/title>\n<meta name=\"robots\" content=\"noindex, nofollow\" \/>\n<meta property=\"og:locale\" content=\"en_US\" \/>\n<meta property=\"og:type\" content=\"article\" \/>\n<meta property=\"og:title\" content=\"Politique de confidentialit\u00e9 - SOGUE\" \/>\n<meta property=\"og:description\" content=\"Pour rappel, la r\u00e9glementation europ\u00e9enne d\u00e9finit une donn\u00e9e \u00e0 caract\u00e8re personnel (ci-apr\u00e8s \u00ab\u00a0donn\u00e9es personnelles\u00a0\u00bb) comme toute information susceptible d\u2019identi\ufb01er une personne physique. La mise en \u0153uvre de traitements automatis\u00e9s de donn\u00e9es personnelles est notamment r\u00e9gie par le R\u00e8glement (UE) 2016\/679 du Parlement europ\u00e9en et du Conseil du 27 avril 2016 relatif \u00e0 la protection des [&hellip;]\" \/>\n<meta property=\"og:url\" content=\"https:\/\/soguefripe.fr\/index.php\/politique-de-confidentialite\/\" \/>\n<meta property=\"og:site_name\" content=\"SOGUE\" \/>\n<meta property=\"article:modified_time\" content=\"2024-03-13T10:53:05+00:00\" \/>\n<meta name=\"twitter:card\" content=\"summary_large_image\" \/>\n<meta name=\"twitter:label1\" content=\"Est. reading time\" \/>\n\t<meta name=\"twitter:data1\" content=\"8 minutes\" \/>\n<script type=\"application\/ld+json\" class=\"yoast-schema-graph\">{\"@context\":\"https:\\\/\\\/schema.org\",\"@graph\":[{\"@type\":\"WebPage\",\"@id\":\"https:\\\/\\\/soguefripe.fr\\\/index.php\\\/politique-de-confidentialite\\\/\",\"url\":\"https:\\\/\\\/soguefripe.fr\\\/index.php\\\/politique-de-confidentialite\\\/\",\"name\":\"Politique de confidentialit\u00e9 - SOGUE\",\"isPartOf\":{\"@id\":\"https:\\\/\\\/soguefripe.fr\\\/#website\"},\"datePublished\":\"2023-11-21T11:21:42+00:00\",\"dateModified\":\"2024-03-13T10:53:05+00:00\",\"breadcrumb\":{\"@id\":\"https:\\\/\\\/soguefripe.fr\\\/index.php\\\/politique-de-confidentialite\\\/#breadcrumb\"},\"inLanguage\":\"en-US\",\"potentialAction\":[{\"@type\":\"ReadAction\",\"target\":[\"https:\\\/\\\/soguefripe.fr\\\/index.php\\\/politique-de-confidentialite\\\/\"]}]},{\"@type\":\"BreadcrumbList\",\"@id\":\"https:\\\/\\\/soguefripe.fr\\\/index.php\\\/politique-de-confidentialite\\\/#breadcrumb\",\"itemListElement\":[{\"@type\":\"ListItem\",\"position\":1,\"name\":\"Accueil\",\"item\":\"https:\\\/\\\/soguefripe.fr\\\/\"},{\"@type\":\"ListItem\",\"position\":2,\"name\":\"Politique de confidentialit\u00e9\"}]},{\"@type\":\"WebSite\",\"@id\":\"https:\\\/\\\/soguefripe.fr\\\/#website\",\"url\":\"https:\\\/\\\/soguefripe.fr\\\/\",\"name\":\"SOGUE\",\"description\":\"Friperie en ligne\",\"publisher\":{\"@id\":\"https:\\\/\\\/soguefripe.fr\\\/#organization\"},\"potentialAction\":[{\"@type\":\"SearchAction\",\"target\":{\"@type\":\"EntryPoint\",\"urlTemplate\":\"https:\\\/\\\/soguefripe.fr\\\/?s={search_term_string}\"},\"query-input\":{\"@type\":\"PropertyValueSpecification\",\"valueRequired\":true,\"valueName\":\"search_term_string\"}}],\"inLanguage\":\"en-US\"},{\"@type\":\"Organization\",\"@id\":\"https:\\\/\\\/soguefripe.fr\\\/#organization\",\"name\":\"SOGUE\",\"url\":\"https:\\\/\\\/soguefripe.fr\\\/\",\"logo\":{\"@type\":\"ImageObject\",\"inLanguage\":\"en-US\",\"@id\":\"https:\\\/\\\/soguefripe.fr\\\/#\\\/schema\\\/logo\\\/image\\\/\",\"url\":\"https:\\\/\\\/soguefripe.fr\\\/wp-content\\\/uploads\\\/2024\\\/03\\\/cropped-Gold-Sun-Line-Burst-Minimalist-Wellness-Coach-Logo-1-e1700566806992-removebg-preview-1.png\",\"contentUrl\":\"https:\\\/\\\/soguefripe.fr\\\/wp-content\\\/uploads\\\/2024\\\/03\\\/cropped-Gold-Sun-Line-Burst-Minimalist-Wellness-Coach-Logo-1-e1700566806992-removebg-preview-1.png\",\"width\":489,\"height\":493,\"caption\":\"SOGUE\"},\"image\":{\"@id\":\"https:\\\/\\\/soguefripe.fr\\\/#\\\/schema\\\/logo\\\/image\\\/\"}}]}<\/script>\n<!-- \/ Yoast SEO plugin. -->","yoast_head_json":{"title":"Politique de confidentialit\u00e9 - SOGUE","robots":{"index":"noindex","follow":"nofollow"},"og_locale":"en_US","og_type":"article","og_title":"Politique de confidentialit\u00e9 - SOGUE","og_description":"Pour rappel, la r\u00e9glementation europ\u00e9enne d\u00e9finit une donn\u00e9e \u00e0 caract\u00e8re personnel (ci-apr\u00e8s \u00ab\u00a0donn\u00e9es personnelles\u00a0\u00bb) comme toute information susceptible d\u2019identi\ufb01er une personne physique. La mise en \u0153uvre de traitements automatis\u00e9s de donn\u00e9es personnelles est notamment r\u00e9gie par le R\u00e8glement (UE) 2016\/679 du Parlement europ\u00e9en et du Conseil du 27 avril 2016 relatif \u00e0 la protection des [&hellip;]","og_url":"https:\/\/soguefripe.fr\/index.php\/politique-de-confidentialite\/","og_site_name":"SOGUE","article_modified_time":"2024-03-13T10:53:05+00:00","twitter_card":"summary_large_image","twitter_misc":{"Est. reading time":"8 minutes"},"schema":{"@context":"https:\/\/schema.org","@graph":[{"@type":"WebPage","@id":"https:\/\/soguefripe.fr\/index.php\/politique-de-confidentialite\/","url":"https:\/\/soguefripe.fr\/index.php\/politique-de-confidentialite\/","name":"Politique de confidentialit\u00e9 - SOGUE","isPartOf":{"@id":"https:\/\/soguefripe.fr\/#website"},"datePublished":"2023-11-21T11:21:42+00:00","dateModified":"2024-03-13T10:53:05+00:00","breadcrumb":{"@id":"https:\/\/soguefripe.fr\/index.php\/politique-de-confidentialite\/#breadcrumb"},"inLanguage":"en-US","potentialAction":[{"@type":"ReadAction","target":["https:\/\/soguefripe.fr\/index.php\/politique-de-confidentialite\/"]}]},{"@type":"BreadcrumbList","@id":"https:\/\/soguefripe.fr\/index.php\/politique-de-confidentialite\/#breadcrumb","itemListElement":[{"@type":"ListItem","position":1,"name":"Accueil","item":"https:\/\/soguefripe.fr\/"},{"@type":"ListItem","position":2,"name":"Politique de confidentialit\u00e9"}]},{"@type":"WebSite","@id":"https:\/\/soguefripe.fr\/#website","url":"https:\/\/soguefripe.fr\/","name":"SOGUE","description":"Friperie en ligne","publisher":{"@id":"https:\/\/soguefripe.fr\/#organization"},"potentialAction":[{"@type":"SearchAction","target":{"@type":"EntryPoint","urlTemplate":"https:\/\/soguefripe.fr\/?s={search_term_string}"},"query-input":{"@type":"PropertyValueSpecification","valueRequired":true,"valueName":"search_term_string"}}],"inLanguage":"en-US"},{"@type":"Organization","@id":"https:\/\/soguefripe.fr\/#organization","name":"SOGUE","url":"https:\/\/soguefripe.fr\/","logo":{"@type":"ImageObject","inLanguage":"en-US","@id":"https:\/\/soguefripe.fr\/#\/schema\/logo\/image\/","url":"https:\/\/soguefripe.fr\/wp-content\/uploads\/2024\/03\/cropped-Gold-Sun-Line-Burst-Minimalist-Wellness-Coach-Logo-1-e1700566806992-removebg-preview-1.png","contentUrl":"https:\/\/soguefripe.fr\/wp-content\/uploads\/2024\/03\/cropped-Gold-Sun-Line-Burst-Minimalist-Wellness-Coach-Logo-1-e1700566806992-removebg-preview-1.png","width":489,"height":493,"caption":"SOGUE"},"image":{"@id":"https:\/\/soguefripe.fr\/#\/schema\/logo\/image\/"}}]}},"_links":{"self":[{"href":"https:\/\/soguefripe.fr\/index.php\/wp-json\/wp\/v2\/pages\/3","targetHints":{"allow":["GET"]}}],"collection":[{"href":"https:\/\/soguefripe.fr\/index.php\/wp-json\/wp\/v2\/pages"}],"about":[{"href":"https:\/\/soguefripe.fr\/index.php\/wp-json\/wp\/v2\/types\/page"}],"author":[{"embeddable":true,"href":"https:\/\/soguefripe.fr\/index.php\/wp-json\/wp\/v2\/users\/1"}],"replies":[{"embeddable":true,"href":"https:\/\/soguefripe.fr\/index.php\/wp-json\/wp\/v2\/comments?post=3"}],"version-history":[{"count":4,"href":"https:\/\/soguefripe.fr\/index.php\/wp-json\/wp\/v2\/pages\/3\/revisions"}],"predecessor-version":[{"id":4776,"href":"https:\/\/soguefripe.fr\/index.php\/wp-json\/wp\/v2\/pages\/3\/revisions\/4776"}],"wp:attachment":[{"href":"https:\/\/soguefripe.fr\/index.php\/wp-json\/wp\/v2\/media?parent=3"}],"curies":[{"name":"wp","href":"https:\/\/api.w.org\/{rel}","templated":true}]}}