{"id":4704,"date":"2024-03-12T10:25:39","date_gmt":"2024-03-12T09:25:39","guid":{"rendered":"https:\/\/soguefripe.fr\/?page_id=4704"},"modified":"2024-03-13T11:52:46","modified_gmt":"2024-03-13T10:52:46","slug":"mentions-legales","status":"publish","type":"page","link":"https:\/\/soguefripe.fr\/index.php\/mentions-legales\/","title":{"rendered":"Mentions l\u00e9gales"},"content":{"rendered":"\t\t<div data-elementor-type=\"wp-page\" data-elementor-id=\"4704\" class=\"elementor elementor-4704\">\n\t\t\t\t<div class=\"elementor-element elementor-element-7603c71 e-flex e-con-boxed e-con e-parent\" data-id=\"7603c71\" data-element_type=\"container\" data-e-type=\"container\">\n\t\t\t\t\t<div class=\"e-con-inner\">\n\t\t\t\t<div class=\"elementor-element elementor-element-cf893c1 elementor-widget elementor-widget-heading\" data-id=\"cf893c1\" data-element_type=\"widget\" data-e-type=\"widget\" data-widget_type=\"heading.default\">\n\t\t\t\t<div class=\"elementor-widget-container\">\n\t\t\t\t\t<h1 class=\"elementor-heading-title elementor-size-default\">MENTIONS L\u00c9GALES<\/h1>\t\t\t\t<\/div>\n\t\t\t\t<\/div>\n\t\t\t\t<div class=\"elementor-element elementor-element-17efc21 elementor-widget elementor-widget-text-editor\" data-id=\"17efc21\" data-element_type=\"widget\" data-e-type=\"widget\" data-widget_type=\"text-editor.default\">\n\t\t\t\t<div class=\"elementor-widget-container\">\n\t\t\t\t\t\t\t\t\t<h2>\u00c9DITEUR<\/h2><p>Le site internet www.soguefripe.fr est \u00e9dit\u00e9 par Madame Maryline TOURE, immatricul\u00e9e au Registre National des Entreprises sous le num\u00e9ro 978 942 423. Son si\u00e8ge social est situ\u00e9 8 rue Charles Fourier 94500 Champigny sur Marne. <br \/>Le Directeur de la Publication est Madame Maryline TOURE, en qualit\u00e9 d\u2019entrepreneur individuel.<br \/>E-mail : contact@soguefripe.fr<br \/>T\u00e9l\u00e9phone : 06.31.63.96.34<\/p><h2>H\u00c9BERGEMENT<\/h2><p>Le pr\u00e9sent site internet est h\u00e9berg\u00e9 par la soci\u00e9t\u00e9 :<\/p><p>OVH<br \/>2 RUE KELLERMANN 59100 ROUBAIX<br \/>42476141900045<\/p><h2>Directeur de la publication<\/h2><p>Madame Maryline TOURE <br \/>Entrepreneur individuel immatricul\u00e9 au RNE sous le num\u00e9ro 978 942 423, situ\u00e9 8 rue Charles Fourier 94500 Champigny-sur-Marne. <br \/>Cr\u00e9dit photos :<br \/>Madame Maryline TOURE <br \/>Entrepreneur individuel immatricul\u00e9 au RNE sous le num\u00e9ro 978 942 423, situ\u00e9 8 rue Charles Fourier 94500 Champigny-sur-Marne.<\/p>\t\t\t\t\t\t\t\t<\/div>\n\t\t\t\t<\/div>\n\t\t\t\t\t<\/div>\n\t\t\t\t<\/div>\n\t\t\t\t<\/div>\n\t\t","protected":false},"excerpt":{"rendered":"<p>MENTIONS L\u00c9GALES \u00c9DITEUR Le site internet www.soguefripe.fr est \u00e9dit\u00e9 par Madame Maryline TOURE, immatricul\u00e9e au Registre National des Entreprises sous le num\u00e9ro 978 942 423. Son si\u00e8ge social est situ\u00e9 8 rue Charles Fourier 94500 Champigny sur Marne. Le Directeur de la Publication est Madame Maryline TOURE, en qualit\u00e9 d\u2019entrepreneur individuel.E-mail : contact@soguefripe.frT\u00e9l\u00e9phone : 06.31.63.96.34 [&hellip;]<\/p>\n","protected":false},"author":1,"featured_media":0,"parent":0,"menu_order":0,"comment_status":"closed","ping_status":"closed","template":"","meta":{"site-sidebar-layout":"no-sidebar","site-content-layout":"page-builder","ast-site-content-layout":"full-width-container","site-content-style":"default","site-sidebar-style":"default","ast-global-header-display":"","ast-banner-title-visibility":"","ast-main-header-display":"","ast-hfb-above-header-display":"","ast-hfb-below-header-display":"","ast-hfb-mobile-header-display":"","site-post-title":"disabled","ast-breadcrumbs-content":"","ast-featured-img":"disabled","footer-sml-layout":"","theme-transparent-header-meta":"","adv-header-id-meta":"","stick-header-meta":"","header-above-stick-meta":"","header-main-stick-meta":"","header-below-stick-meta":"","astra-migrate-meta-layouts":"set","ast-page-background-enabled":"default","ast-page-background-meta":{"desktop":{"background-color":"","background-image":"","background-repeat":"repeat","background-position":"center center","background-size":"auto","background-attachment":"scroll","background-type":"","background-media":"","overlay-type":"","overlay-color":"","overlay-gradient":""},"tablet":{"background-color":"","background-image":"","background-repeat":"repeat","background-position":"center center","background-size":"auto","background-attachment":"scroll","background-type":"","background-media":"","overlay-type":"","overlay-color":"","overlay-gradient":""},"mobile":{"background-color":"","background-image":"","background-repeat":"repeat","background-position":"center center","background-size":"auto","background-attachment":"scroll","background-type":"","background-media":"","overlay-type":"","overlay-color":"","overlay-gradient":""}},"ast-content-background-meta":{"desktop":{"background-color":"var(--ast-global-color-5)","background-image":"","background-repeat":"repeat","background-position":"center center","background-size":"auto","background-attachment":"scroll","background-type":"","background-media":"","overlay-type":"","overlay-color":"","overlay-gradient":""},"tablet":{"background-color":"var(--ast-global-color-5)","background-image":"","background-repeat":"repeat","background-position":"center center","background-size":"auto","background-attachment":"scroll","background-type":"","background-media":"","overlay-type":"","overlay-color":"","overlay-gradient":""},"mobile":{"background-color":"var(--ast-global-color-5)","background-image":"","background-repeat":"repeat","background-position":"center center","background-size":"auto","background-attachment":"scroll","background-type":"","background-media":"","overlay-type":"","overlay-color":"","overlay-gradient":""}},"footnotes":""},"class_list":["post-4704","page","type-page","status-publish","hentry"],"yoast_head":"<!-- This site is optimized with the Yoast SEO plugin v27.4 - https:\/\/yoast.com\/product\/yoast-seo-wordpress\/ -->\n<title>Mentions l\u00e9gales - SOGUE<\/title>\n<meta name=\"robots\" content=\"noindex, nofollow\" \/>\n<meta property=\"og:locale\" content=\"en_US\" \/>\n<meta property=\"og:type\" content=\"article\" \/>\n<meta property=\"og:title\" content=\"Mentions l\u00e9gales - SOGUE\" \/>\n<meta property=\"og:description\" content=\"MENTIONS L\u00c9GALES \u00c9DITEUR Le site internet www.soguefripe.fr est \u00e9dit\u00e9 par Madame Maryline TOURE, immatricul\u00e9e au Registre National des Entreprises sous le num\u00e9ro 978 942 423. Son si\u00e8ge social est situ\u00e9 8 rue Charles Fourier 94500 Champigny sur Marne. Le Directeur de la Publication est Madame Maryline TOURE, en qualit\u00e9 d\u2019entrepreneur individuel.E-mail : contact@soguefripe.frT\u00e9l\u00e9phone : 06.31.63.96.34 [&hellip;]\" \/>\n<meta property=\"og:url\" content=\"https:\/\/soguefripe.fr\/index.php\/mentions-legales\/\" \/>\n<meta property=\"og:site_name\" content=\"SOGUE\" \/>\n<meta property=\"article:modified_time\" content=\"2024-03-13T10:52:46+00:00\" \/>\n<meta name=\"twitter:card\" content=\"summary_large_image\" \/>\n<meta name=\"twitter:label1\" content=\"Est. reading time\" \/>\n\t<meta name=\"twitter:data1\" content=\"1 minute\" \/>\n<script type=\"application\/ld+json\" class=\"yoast-schema-graph\">{\"@context\":\"https:\\\/\\\/schema.org\",\"@graph\":[{\"@type\":\"WebPage\",\"@id\":\"https:\\\/\\\/soguefripe.fr\\\/index.php\\\/mentions-legales\\\/\",\"url\":\"https:\\\/\\\/soguefripe.fr\\\/index.php\\\/mentions-legales\\\/\",\"name\":\"Mentions l\u00e9gales - SOGUE\",\"isPartOf\":{\"@id\":\"https:\\\/\\\/soguefripe.fr\\\/#website\"},\"datePublished\":\"2024-03-12T09:25:39+00:00\",\"dateModified\":\"2024-03-13T10:52:46+00:00\",\"breadcrumb\":{\"@id\":\"https:\\\/\\\/soguefripe.fr\\\/index.php\\\/mentions-legales\\\/#breadcrumb\"},\"inLanguage\":\"en-US\",\"potentialAction\":[{\"@type\":\"ReadAction\",\"target\":[\"https:\\\/\\\/soguefripe.fr\\\/index.php\\\/mentions-legales\\\/\"]}]},{\"@type\":\"BreadcrumbList\",\"@id\":\"https:\\\/\\\/soguefripe.fr\\\/index.php\\\/mentions-legales\\\/#breadcrumb\",\"itemListElement\":[{\"@type\":\"ListItem\",\"position\":1,\"name\":\"Accueil\",\"item\":\"https:\\\/\\\/soguefripe.fr\\\/\"},{\"@type\":\"ListItem\",\"position\":2,\"name\":\"Mentions l\u00e9gales\"}]},{\"@type\":\"WebSite\",\"@id\":\"https:\\\/\\\/soguefripe.fr\\\/#website\",\"url\":\"https:\\\/\\\/soguefripe.fr\\\/\",\"name\":\"SOGUE\",\"description\":\"Friperie en ligne\",\"publisher\":{\"@id\":\"https:\\\/\\\/soguefripe.fr\\\/#organization\"},\"potentialAction\":[{\"@type\":\"SearchAction\",\"target\":{\"@type\":\"EntryPoint\",\"urlTemplate\":\"https:\\\/\\\/soguefripe.fr\\\/?s={search_term_string}\"},\"query-input\":{\"@type\":\"PropertyValueSpecification\",\"valueRequired\":true,\"valueName\":\"search_term_string\"}}],\"inLanguage\":\"en-US\"},{\"@type\":\"Organization\",\"@id\":\"https:\\\/\\\/soguefripe.fr\\\/#organization\",\"name\":\"SOGUE\",\"url\":\"https:\\\/\\\/soguefripe.fr\\\/\",\"logo\":{\"@type\":\"ImageObject\",\"inLanguage\":\"en-US\",\"@id\":\"https:\\\/\\\/soguefripe.fr\\\/#\\\/schema\\\/logo\\\/image\\\/\",\"url\":\"https:\\\/\\\/soguefripe.fr\\\/wp-content\\\/uploads\\\/2024\\\/03\\\/cropped-Gold-Sun-Line-Burst-Minimalist-Wellness-Coach-Logo-1-e1700566806992-removebg-preview-1.png\",\"contentUrl\":\"https:\\\/\\\/soguefripe.fr\\\/wp-content\\\/uploads\\\/2024\\\/03\\\/cropped-Gold-Sun-Line-Burst-Minimalist-Wellness-Coach-Logo-1-e1700566806992-removebg-preview-1.png\",\"width\":489,\"height\":493,\"caption\":\"SOGUE\"},\"image\":{\"@id\":\"https:\\\/\\\/soguefripe.fr\\\/#\\\/schema\\\/logo\\\/image\\\/\"}}]}<\/script>\n<!-- \/ Yoast SEO plugin. -->","yoast_head_json":{"title":"Mentions l\u00e9gales - SOGUE","robots":{"index":"noindex","follow":"nofollow"},"og_locale":"en_US","og_type":"article","og_title":"Mentions l\u00e9gales - SOGUE","og_description":"MENTIONS L\u00c9GALES \u00c9DITEUR Le site internet www.soguefripe.fr est \u00e9dit\u00e9 par Madame Maryline TOURE, immatricul\u00e9e au Registre National des Entreprises sous le num\u00e9ro 978 942 423. Son si\u00e8ge social est situ\u00e9 8 rue Charles Fourier 94500 Champigny sur Marne. Le Directeur de la Publication est Madame Maryline TOURE, en qualit\u00e9 d\u2019entrepreneur individuel.E-mail : contact@soguefripe.frT\u00e9l\u00e9phone : 06.31.63.96.34 [&hellip;]","og_url":"https:\/\/soguefripe.fr\/index.php\/mentions-legales\/","og_site_name":"SOGUE","article_modified_time":"2024-03-13T10:52:46+00:00","twitter_card":"summary_large_image","twitter_misc":{"Est. reading time":"1 minute"},"schema":{"@context":"https:\/\/schema.org","@graph":[{"@type":"WebPage","@id":"https:\/\/soguefripe.fr\/index.php\/mentions-legales\/","url":"https:\/\/soguefripe.fr\/index.php\/mentions-legales\/","name":"Mentions l\u00e9gales - SOGUE","isPartOf":{"@id":"https:\/\/soguefripe.fr\/#website"},"datePublished":"2024-03-12T09:25:39+00:00","dateModified":"2024-03-13T10:52:46+00:00","breadcrumb":{"@id":"https:\/\/soguefripe.fr\/index.php\/mentions-legales\/#breadcrumb"},"inLanguage":"en-US","potentialAction":[{"@type":"ReadAction","target":["https:\/\/soguefripe.fr\/index.php\/mentions-legales\/"]}]},{"@type":"BreadcrumbList","@id":"https:\/\/soguefripe.fr\/index.php\/mentions-legales\/#breadcrumb","itemListElement":[{"@type":"ListItem","position":1,"name":"Accueil","item":"https:\/\/soguefripe.fr\/"},{"@type":"ListItem","position":2,"name":"Mentions l\u00e9gales"}]},{"@type":"WebSite","@id":"https:\/\/soguefripe.fr\/#website","url":"https:\/\/soguefripe.fr\/","name":"SOGUE","description":"Friperie en ligne","publisher":{"@id":"https:\/\/soguefripe.fr\/#organization"},"potentialAction":[{"@type":"SearchAction","target":{"@type":"EntryPoint","urlTemplate":"https:\/\/soguefripe.fr\/?s={search_term_string}"},"query-input":{"@type":"PropertyValueSpecification","valueRequired":true,"valueName":"search_term_string"}}],"inLanguage":"en-US"},{"@type":"Organization","@id":"https:\/\/soguefripe.fr\/#organization","name":"SOGUE","url":"https:\/\/soguefripe.fr\/","logo":{"@type":"ImageObject","inLanguage":"en-US","@id":"https:\/\/soguefripe.fr\/#\/schema\/logo\/image\/","url":"https:\/\/soguefripe.fr\/wp-content\/uploads\/2024\/03\/cropped-Gold-Sun-Line-Burst-Minimalist-Wellness-Coach-Logo-1-e1700566806992-removebg-preview-1.png","contentUrl":"https:\/\/soguefripe.fr\/wp-content\/uploads\/2024\/03\/cropped-Gold-Sun-Line-Burst-Minimalist-Wellness-Coach-Logo-1-e1700566806992-removebg-preview-1.png","width":489,"height":493,"caption":"SOGUE"},"image":{"@id":"https:\/\/soguefripe.fr\/#\/schema\/logo\/image\/"}}]}},"_links":{"self":[{"href":"https:\/\/soguefripe.fr\/index.php\/wp-json\/wp\/v2\/pages\/4704","targetHints":{"allow":["GET"]}}],"collection":[{"href":"https:\/\/soguefripe.fr\/index.php\/wp-json\/wp\/v2\/pages"}],"about":[{"href":"https:\/\/soguefripe.fr\/index.php\/wp-json\/wp\/v2\/types\/page"}],"author":[{"embeddable":true,"href":"https:\/\/soguefripe.fr\/index.php\/wp-json\/wp\/v2\/users\/1"}],"replies":[{"embeddable":true,"href":"https:\/\/soguefripe.fr\/index.php\/wp-json\/wp\/v2\/comments?post=4704"}],"version-history":[{"count":7,"href":"https:\/\/soguefripe.fr\/index.php\/wp-json\/wp\/v2\/pages\/4704\/revisions"}],"predecessor-version":[{"id":4711,"href":"https:\/\/soguefripe.fr\/index.php\/wp-json\/wp\/v2\/pages\/4704\/revisions\/4711"}],"wp:attachment":[{"href":"https:\/\/soguefripe.fr\/index.php\/wp-json\/wp\/v2\/media?parent=4704"}],"curies":[{"name":"wp","href":"https:\/\/api.w.org\/{rel}","templated":true}]}}