{"id":4933,"date":"2024-05-28T15:17:56","date_gmt":"2024-05-28T13:17:56","guid":{"rendered":"https:\/\/soguefripe.fr\/?post_type=product&#038;p=4933"},"modified":"2024-05-28T15:17:57","modified_gmt":"2024-05-28T13:17:57","slug":"chemise-tommy-hilfiger-garcon-multicolore","status":"publish","type":"product","link":"https:\/\/soguefripe.fr\/index.php\/produit\/chemise-tommy-hilfiger-garcon-multicolore\/","title":{"rendered":"Chemise Tommy Hilfiger gar\u00e7on multicolore"},"content":{"rendered":"<p>Chemise TOMMY HILFIGER gar\u00e7on multicolore, dans un tissus en coton et polyester, fermeture par bouton, col \u00e0 revers manches courtes, un petit d\u00e9faut en bas de la chemise (voir photos) tr\u00e8s bon \u00e9tat<\/p>\n<div><\/div>\n","protected":false},"excerpt":{"rendered":"<p>chemise d&#8217;occasion \u00a0tommy Hilfiger gar\u00e7on d\u00e9j\u00e0 port\u00e9 mais en tr\u00e8s bon \u00e9tat<\/p>\n","protected":false},"featured_media":4934,"comment_status":"open","ping_status":"closed","template":"","meta":{"site-sidebar-layout":"default","site-content-layout":"","ast-site-content-layout":"default","site-content-style":"default","site-sidebar-style":"default","ast-global-header-display":"","ast-banner-title-visibility":"","ast-main-header-display":"","ast-hfb-above-header-display":"","ast-hfb-below-header-display":"","ast-hfb-mobile-header-display":"","site-post-title":"","ast-breadcrumbs-content":"","ast-featured-img":"","footer-sml-layout":"","theme-transparent-header-meta":"default","adv-header-id-meta":"","stick-header-meta":"","header-above-stick-meta":"","header-main-stick-meta":"","header-below-stick-meta":"","astra-migrate-meta-layouts":"set","ast-page-background-enabled":"default","ast-page-background-meta":{"desktop":{"background-color":"","background-image":"","background-repeat":"repeat","background-position":"center center","background-size":"auto","background-attachment":"scroll","background-type":"","background-media":"","overlay-type":"","overlay-color":"","overlay-gradient":""},"tablet":{"background-color":"","background-image":"","background-repeat":"repeat","background-position":"center center","background-size":"auto","background-attachment":"scroll","background-type":"","background-media":"","overlay-type":"","overlay-color":"","overlay-gradient":""},"mobile":{"background-color":"","background-image":"","background-repeat":"repeat","background-position":"center center","background-size":"auto","background-attachment":"scroll","background-type":"","background-media":"","overlay-type":"","overlay-color":"","overlay-gradient":""}},"ast-content-background-meta":{"desktop":{"background-color":"var(--ast-global-color-5)","background-image":"","background-repeat":"repeat","background-position":"center center","background-size":"auto","background-attachment":"scroll","background-type":"","background-media":"","overlay-type":"","overlay-color":"","overlay-gradient":""},"tablet":{"background-color":"var(--ast-global-color-5)","background-image":"","background-repeat":"repeat","background-position":"center center","background-size":"auto","background-attachment":"scroll","background-type":"","background-media":"","overlay-type":"","overlay-color":"","overlay-gradient":""},"mobile":{"background-color":"var(--ast-global-color-5)","background-image":"","background-repeat":"repeat","background-position":"center center","background-size":"auto","background-attachment":"scroll","background-type":"","background-media":"","overlay-type":"","overlay-color":"","overlay-gradient":""}}},"product_brand":[],"product_cat":[40],"product_tag":[],"class_list":{"0":"post-4933","1":"product","2":"type-product","3":"status-publish","4":"has-post-thumbnail","6":"product_cat-men","7":"desktop-align-left","8":"tablet-align-left","9":"mobile-align-left","11":"first","12":"instock","13":"taxable","14":"shipping-taxable","15":"purchasable","16":"product-type-simple"},"yoast_head":"<!-- This site is optimized with the Yoast SEO plugin v27.4 - https:\/\/yoast.com\/product\/yoast-seo-wordpress\/ -->\n<title>Chemise Tommy Hilfiger gar\u00e7on multicolore - SOGUE<\/title>\n<meta name=\"description\" content=\"chemise d&#039;occasion gar\u00e7on, multicolore (bleu, rouge, blanc) manches courtes, fermeture par boutonnage, col \u00e0 revers (chemise d&#039;occasion mais en bon \u00e9tat)\" \/>\n<meta name=\"robots\" content=\"index, follow, max-snippet:-1, max-image-preview:large, max-video-preview:-1\" \/>\n<link rel=\"canonical\" href=\"https:\/\/soguefripe.fr\/index.php\/produit\/chemise-tommy-hilfiger-garcon-multicolore\/\" \/>\n<meta property=\"og:locale\" content=\"en_US\" \/>\n<meta property=\"og:type\" content=\"article\" \/>\n<meta property=\"og:title\" content=\"Chemise Tommy Hilfiger gar\u00e7on multicolore - SOGUE\" \/>\n<meta property=\"og:description\" content=\"chemise d&#039;occasion gar\u00e7on, multicolore (bleu, rouge, blanc) manches courtes, fermeture par boutonnage, col \u00e0 revers (chemise d&#039;occasion mais en bon \u00e9tat)\" \/>\n<meta property=\"og:url\" content=\"https:\/\/soguefripe.fr\/index.php\/produit\/chemise-tommy-hilfiger-garcon-multicolore\/\" \/>\n<meta property=\"og:site_name\" content=\"SOGUE\" \/>\n<meta property=\"article:modified_time\" content=\"2024-05-28T13:17:57+00:00\" \/>\n<meta property=\"og:image\" content=\"http:\/\/soguefripe.fr\/wp-content\/uploads\/2024\/05\/chemise-tommy-hilfiger-gacon-bleu-rouge-e1716901671696.jpg\" \/>\n\t<meta property=\"og:image:width\" content=\"1792\" \/>\n\t<meta property=\"og:image:height\" content=\"1973\" \/>\n\t<meta property=\"og:image:type\" content=\"image\/jpeg\" \/>\n<meta name=\"twitter:card\" content=\"summary_large_image\" \/>\n<meta name=\"twitter:label1\" content=\"Est. reading time\" \/>\n\t<meta name=\"twitter:data1\" content=\"1 minute\" \/>\n<script type=\"application\/ld+json\" class=\"yoast-schema-graph\">{\"@context\":\"https:\\\/\\\/schema.org\",\"@graph\":[{\"@type\":\"WebPage\",\"@id\":\"https:\\\/\\\/soguefripe.fr\\\/index.php\\\/produit\\\/chemise-tommy-hilfiger-garcon-multicolore\\\/\",\"url\":\"https:\\\/\\\/soguefripe.fr\\\/index.php\\\/produit\\\/chemise-tommy-hilfiger-garcon-multicolore\\\/\",\"name\":\"Chemise Tommy Hilfiger gar\u00e7on multicolore - SOGUE\",\"isPartOf\":{\"@id\":\"https:\\\/\\\/soguefripe.fr\\\/#website\"},\"primaryImageOfPage\":{\"@id\":\"https:\\\/\\\/soguefripe.fr\\\/index.php\\\/produit\\\/chemise-tommy-hilfiger-garcon-multicolore\\\/#primaryimage\"},\"image\":{\"@id\":\"https:\\\/\\\/soguefripe.fr\\\/index.php\\\/produit\\\/chemise-tommy-hilfiger-garcon-multicolore\\\/#primaryimage\"},\"thumbnailUrl\":\"https:\\\/\\\/soguefripe.fr\\\/wp-content\\\/uploads\\\/2024\\\/05\\\/chemise-tommy-hilfiger-gacon-bleu-rouge-e1716901671696.jpg\",\"datePublished\":\"2024-05-28T13:17:56+00:00\",\"dateModified\":\"2024-05-28T13:17:57+00:00\",\"description\":\"chemise d'occasion gar\u00e7on, multicolore (bleu, rouge, blanc) manches courtes, fermeture par boutonnage, col \u00e0 revers (chemise d'occasion mais en bon \u00e9tat)\",\"breadcrumb\":{\"@id\":\"https:\\\/\\\/soguefripe.fr\\\/index.php\\\/produit\\\/chemise-tommy-hilfiger-garcon-multicolore\\\/#breadcrumb\"},\"inLanguage\":\"en-US\",\"potentialAction\":[{\"@type\":\"ReadAction\",\"target\":[\"https:\\\/\\\/soguefripe.fr\\\/index.php\\\/produit\\\/chemise-tommy-hilfiger-garcon-multicolore\\\/\"]}]},{\"@type\":\"ImageObject\",\"inLanguage\":\"en-US\",\"@id\":\"https:\\\/\\\/soguefripe.fr\\\/index.php\\\/produit\\\/chemise-tommy-hilfiger-garcon-multicolore\\\/#primaryimage\",\"url\":\"https:\\\/\\\/soguefripe.fr\\\/wp-content\\\/uploads\\\/2024\\\/05\\\/chemise-tommy-hilfiger-gacon-bleu-rouge-e1716901671696.jpg\",\"contentUrl\":\"https:\\\/\\\/soguefripe.fr\\\/wp-content\\\/uploads\\\/2024\\\/05\\\/chemise-tommy-hilfiger-gacon-bleu-rouge-e1716901671696.jpg\",\"width\":1792,\"height\":1973},{\"@type\":\"BreadcrumbList\",\"@id\":\"https:\\\/\\\/soguefripe.fr\\\/index.php\\\/produit\\\/chemise-tommy-hilfiger-garcon-multicolore\\\/#breadcrumb\",\"itemListElement\":[{\"@type\":\"ListItem\",\"position\":1,\"name\":\"Accueil\",\"item\":\"https:\\\/\\\/soguefripe.fr\\\/\"},{\"@type\":\"ListItem\",\"position\":2,\"name\":\"Boutique\",\"item\":\"https:\\\/\\\/soguefripe.fr\\\/index.php\\\/boutique\\\/\"},{\"@type\":\"ListItem\",\"position\":3,\"name\":\"Chemise Tommy Hilfiger gar\u00e7on multicolore\"}]},{\"@type\":\"WebSite\",\"@id\":\"https:\\\/\\\/soguefripe.fr\\\/#website\",\"url\":\"https:\\\/\\\/soguefripe.fr\\\/\",\"name\":\"SOGUE\",\"description\":\"Friperie en ligne\",\"publisher\":{\"@id\":\"https:\\\/\\\/soguefripe.fr\\\/#organization\"},\"potentialAction\":[{\"@type\":\"SearchAction\",\"target\":{\"@type\":\"EntryPoint\",\"urlTemplate\":\"https:\\\/\\\/soguefripe.fr\\\/?s={search_term_string}\"},\"query-input\":{\"@type\":\"PropertyValueSpecification\",\"valueRequired\":true,\"valueName\":\"search_term_string\"}}],\"inLanguage\":\"en-US\"},{\"@type\":\"Organization\",\"@id\":\"https:\\\/\\\/soguefripe.fr\\\/#organization\",\"name\":\"SOGUE\",\"url\":\"https:\\\/\\\/soguefripe.fr\\\/\",\"logo\":{\"@type\":\"ImageObject\",\"inLanguage\":\"en-US\",\"@id\":\"https:\\\/\\\/soguefripe.fr\\\/#\\\/schema\\\/logo\\\/image\\\/\",\"url\":\"https:\\\/\\\/soguefripe.fr\\\/wp-content\\\/uploads\\\/2024\\\/03\\\/cropped-Gold-Sun-Line-Burst-Minimalist-Wellness-Coach-Logo-1-e1700566806992-removebg-preview-1.png\",\"contentUrl\":\"https:\\\/\\\/soguefripe.fr\\\/wp-content\\\/uploads\\\/2024\\\/03\\\/cropped-Gold-Sun-Line-Burst-Minimalist-Wellness-Coach-Logo-1-e1700566806992-removebg-preview-1.png\",\"width\":489,\"height\":493,\"caption\":\"SOGUE\"},\"image\":{\"@id\":\"https:\\\/\\\/soguefripe.fr\\\/#\\\/schema\\\/logo\\\/image\\\/\"}}]}<\/script>\n<!-- \/ Yoast SEO plugin. -->","yoast_head_json":{"title":"Chemise Tommy Hilfiger gar\u00e7on multicolore - SOGUE","description":"chemise d'occasion gar\u00e7on, multicolore (bleu, rouge, blanc) manches courtes, fermeture par boutonnage, col \u00e0 revers (chemise d'occasion mais en bon \u00e9tat)","robots":{"index":"index","follow":"follow","max-snippet":"max-snippet:-1","max-image-preview":"max-image-preview:large","max-video-preview":"max-video-preview:-1"},"canonical":"https:\/\/soguefripe.fr\/index.php\/produit\/chemise-tommy-hilfiger-garcon-multicolore\/","og_locale":"en_US","og_type":"article","og_title":"Chemise Tommy Hilfiger gar\u00e7on multicolore - SOGUE","og_description":"chemise d'occasion gar\u00e7on, multicolore (bleu, rouge, blanc) manches courtes, fermeture par boutonnage, col \u00e0 revers (chemise d'occasion mais en bon \u00e9tat)","og_url":"https:\/\/soguefripe.fr\/index.php\/produit\/chemise-tommy-hilfiger-garcon-multicolore\/","og_site_name":"SOGUE","article_modified_time":"2024-05-28T13:17:57+00:00","og_image":[{"width":1792,"height":1973,"url":"http:\/\/soguefripe.fr\/wp-content\/uploads\/2024\/05\/chemise-tommy-hilfiger-gacon-bleu-rouge-e1716901671696.jpg","type":"image\/jpeg"}],"twitter_card":"summary_large_image","twitter_misc":{"Est. reading time":"1 minute"},"schema":{"@context":"https:\/\/schema.org","@graph":[{"@type":"WebPage","@id":"https:\/\/soguefripe.fr\/index.php\/produit\/chemise-tommy-hilfiger-garcon-multicolore\/","url":"https:\/\/soguefripe.fr\/index.php\/produit\/chemise-tommy-hilfiger-garcon-multicolore\/","name":"Chemise Tommy Hilfiger gar\u00e7on multicolore - SOGUE","isPartOf":{"@id":"https:\/\/soguefripe.fr\/#website"},"primaryImageOfPage":{"@id":"https:\/\/soguefripe.fr\/index.php\/produit\/chemise-tommy-hilfiger-garcon-multicolore\/#primaryimage"},"image":{"@id":"https:\/\/soguefripe.fr\/index.php\/produit\/chemise-tommy-hilfiger-garcon-multicolore\/#primaryimage"},"thumbnailUrl":"https:\/\/soguefripe.fr\/wp-content\/uploads\/2024\/05\/chemise-tommy-hilfiger-gacon-bleu-rouge-e1716901671696.jpg","datePublished":"2024-05-28T13:17:56+00:00","dateModified":"2024-05-28T13:17:57+00:00","description":"chemise d'occasion gar\u00e7on, multicolore (bleu, rouge, blanc) manches courtes, fermeture par boutonnage, col \u00e0 revers (chemise d'occasion mais en bon \u00e9tat)","breadcrumb":{"@id":"https:\/\/soguefripe.fr\/index.php\/produit\/chemise-tommy-hilfiger-garcon-multicolore\/#breadcrumb"},"inLanguage":"en-US","potentialAction":[{"@type":"ReadAction","target":["https:\/\/soguefripe.fr\/index.php\/produit\/chemise-tommy-hilfiger-garcon-multicolore\/"]}]},{"@type":"ImageObject","inLanguage":"en-US","@id":"https:\/\/soguefripe.fr\/index.php\/produit\/chemise-tommy-hilfiger-garcon-multicolore\/#primaryimage","url":"https:\/\/soguefripe.fr\/wp-content\/uploads\/2024\/05\/chemise-tommy-hilfiger-gacon-bleu-rouge-e1716901671696.jpg","contentUrl":"https:\/\/soguefripe.fr\/wp-content\/uploads\/2024\/05\/chemise-tommy-hilfiger-gacon-bleu-rouge-e1716901671696.jpg","width":1792,"height":1973},{"@type":"BreadcrumbList","@id":"https:\/\/soguefripe.fr\/index.php\/produit\/chemise-tommy-hilfiger-garcon-multicolore\/#breadcrumb","itemListElement":[{"@type":"ListItem","position":1,"name":"Accueil","item":"https:\/\/soguefripe.fr\/"},{"@type":"ListItem","position":2,"name":"Boutique","item":"https:\/\/soguefripe.fr\/index.php\/boutique\/"},{"@type":"ListItem","position":3,"name":"Chemise Tommy Hilfiger gar\u00e7on multicolore"}]},{"@type":"WebSite","@id":"https:\/\/soguefripe.fr\/#website","url":"https:\/\/soguefripe.fr\/","name":"SOGUE","description":"Friperie en ligne","publisher":{"@id":"https:\/\/soguefripe.fr\/#organization"},"potentialAction":[{"@type":"SearchAction","target":{"@type":"EntryPoint","urlTemplate":"https:\/\/soguefripe.fr\/?s={search_term_string}"},"query-input":{"@type":"PropertyValueSpecification","valueRequired":true,"valueName":"search_term_string"}}],"inLanguage":"en-US"},{"@type":"Organization","@id":"https:\/\/soguefripe.fr\/#organization","name":"SOGUE","url":"https:\/\/soguefripe.fr\/","logo":{"@type":"ImageObject","inLanguage":"en-US","@id":"https:\/\/soguefripe.fr\/#\/schema\/logo\/image\/","url":"https:\/\/soguefripe.fr\/wp-content\/uploads\/2024\/03\/cropped-Gold-Sun-Line-Burst-Minimalist-Wellness-Coach-Logo-1-e1700566806992-removebg-preview-1.png","contentUrl":"https:\/\/soguefripe.fr\/wp-content\/uploads\/2024\/03\/cropped-Gold-Sun-Line-Burst-Minimalist-Wellness-Coach-Logo-1-e1700566806992-removebg-preview-1.png","width":489,"height":493,"caption":"SOGUE"},"image":{"@id":"https:\/\/soguefripe.fr\/#\/schema\/logo\/image\/"}}]}},"_links":{"self":[{"href":"https:\/\/soguefripe.fr\/index.php\/wp-json\/wp\/v2\/product\/4933","targetHints":{"allow":["GET"]}}],"collection":[{"href":"https:\/\/soguefripe.fr\/index.php\/wp-json\/wp\/v2\/product"}],"about":[{"href":"https:\/\/soguefripe.fr\/index.php\/wp-json\/wp\/v2\/types\/product"}],"replies":[{"embeddable":true,"href":"https:\/\/soguefripe.fr\/index.php\/wp-json\/wp\/v2\/comments?post=4933"}],"version-history":[{"count":1,"href":"https:\/\/soguefripe.fr\/index.php\/wp-json\/wp\/v2\/product\/4933\/revisions"}],"predecessor-version":[{"id":4941,"href":"https:\/\/soguefripe.fr\/index.php\/wp-json\/wp\/v2\/product\/4933\/revisions\/4941"}],"wp:featuredmedia":[{"embeddable":true,"href":"https:\/\/soguefripe.fr\/index.php\/wp-json\/wp\/v2\/media\/4934"}],"wp:attachment":[{"href":"https:\/\/soguefripe.fr\/index.php\/wp-json\/wp\/v2\/media?parent=4933"}],"wp:term":[{"taxonomy":"product_brand","embeddable":true,"href":"https:\/\/soguefripe.fr\/index.php\/wp-json\/wp\/v2\/product_brand?post=4933"},{"taxonomy":"product_cat","embeddable":true,"href":"https:\/\/soguefripe.fr\/index.php\/wp-json\/wp\/v2\/product_cat?post=4933"},{"taxonomy":"product_tag","embeddable":true,"href":"https:\/\/soguefripe.fr\/index.php\/wp-json\/wp\/v2\/product_tag?post=4933"}],"curies":[{"name":"wp","href":"https:\/\/api.w.org\/{rel}","templated":true}]}}