{"id":4978,"date":"2024-05-30T23:32:52","date_gmt":"2024-05-30T21:32:52","guid":{"rendered":"https:\/\/soguefripe.fr\/?post_type=product&#038;p=4978"},"modified":"2024-10-22T14:09:19","modified_gmt":"2024-10-22T12:09:19","slug":"chemise-ralph-lauren-garcon","status":"publish","type":"product","link":"https:\/\/soguefripe.fr\/index.php\/produit\/chemise-ralph-lauren-garcon\/","title":{"rendered":"Chemise ralph lauren gar\u00e7on"},"content":{"rendered":"<p>Chemise ralph lauren gar\u00e7on fermeture par bouton col \u00e0 revers manches longues une petite t\u00e2che sur la manche et un petit trou devant de la chemise sinon une tr\u00e8s belle chemise<\/p>\n","protected":false},"excerpt":{"rendered":"<p>chemise Ralph Lauren gar\u00e7on jaune manches longues<\/p>\n","protected":false},"featured_media":4979,"comment_status":"open","ping_status":"closed","template":"","meta":{"site-sidebar-layout":"default","site-content-layout":"","ast-site-content-layout":"default","site-content-style":"default","site-sidebar-style":"default","ast-global-header-display":"","ast-banner-title-visibility":"","ast-main-header-display":"","ast-hfb-above-header-display":"","ast-hfb-below-header-display":"","ast-hfb-mobile-header-display":"","site-post-title":"","ast-breadcrumbs-content":"","ast-featured-img":"","footer-sml-layout":"","theme-transparent-header-meta":"default","adv-header-id-meta":"","stick-header-meta":"","header-above-stick-meta":"","header-main-stick-meta":"","header-below-stick-meta":"","astra-migrate-meta-layouts":"set","ast-page-background-enabled":"default","ast-page-background-meta":{"desktop":{"background-color":"","background-image":"","background-repeat":"repeat","background-position":"center center","background-size":"auto","background-attachment":"scroll","background-type":"","background-media":"","overlay-type":"","overlay-color":"","overlay-gradient":""},"tablet":{"background-color":"","background-image":"","background-repeat":"repeat","background-position":"center center","background-size":"auto","background-attachment":"scroll","background-type":"","background-media":"","overlay-type":"","overlay-color":"","overlay-gradient":""},"mobile":{"background-color":"","background-image":"","background-repeat":"repeat","background-position":"center center","background-size":"auto","background-attachment":"scroll","background-type":"","background-media":"","overlay-type":"","overlay-color":"","overlay-gradient":""}},"ast-content-background-meta":{"desktop":{"background-color":"var(--ast-global-color-5)","background-image":"","background-repeat":"repeat","background-position":"center center","background-size":"auto","background-attachment":"scroll","background-type":"","background-media":"","overlay-type":"","overlay-color":"","overlay-gradient":""},"tablet":{"background-color":"var(--ast-global-color-5)","background-image":"","background-repeat":"repeat","background-position":"center center","background-size":"auto","background-attachment":"scroll","background-type":"","background-media":"","overlay-type":"","overlay-color":"","overlay-gradient":""},"mobile":{"background-color":"var(--ast-global-color-5)","background-image":"","background-repeat":"repeat","background-position":"center center","background-size":"auto","background-attachment":"scroll","background-type":"","background-media":"","overlay-type":"","overlay-color":"","overlay-gradient":""}}},"product_brand":[],"product_cat":[64,97,40],"product_tag":[],"class_list":{"0":"post-4978","1":"product","2":"type-product","3":"status-publish","4":"has-post-thumbnail","6":"product_cat-chemises","7":"product_cat-enfant-garcon","8":"product_cat-men","9":"desktop-align-left","10":"tablet-align-left","11":"mobile-align-left","13":"first","14":"instock","15":"taxable","16":"shipping-taxable","17":"purchasable","18":"product-type-simple"},"yoast_head":"<!-- This site is optimized with the Yoast SEO plugin v27.4 - https:\/\/yoast.com\/product\/yoast-seo-wordpress\/ -->\n<title>Chemise ralph lauren gar\u00e7on - SOGUE<\/title>\n<meta name=\"description\" content=\"chemise Ralph Lauren gar\u00e7on jaune d&#039;occasion, manches longues 100% coton, cette chemise Ralph Lauren seconde main est en tr\u00e8s bon \u00e9tat\" \/>\n<meta name=\"robots\" content=\"index, follow, max-snippet:-1, max-image-preview:large, max-video-preview:-1\" \/>\n<link rel=\"canonical\" href=\"https:\/\/soguefripe.fr\/index.php\/produit\/chemise-ralph-lauren-garcon\/\" \/>\n<meta property=\"og:locale\" content=\"en_US\" \/>\n<meta property=\"og:type\" content=\"article\" \/>\n<meta property=\"og:title\" content=\"Chemise ralph lauren gar\u00e7on - SOGUE\" \/>\n<meta property=\"og:description\" content=\"chemise Ralph Lauren gar\u00e7on jaune d&#039;occasion, manches longues 100% coton, cette chemise Ralph Lauren seconde main est en tr\u00e8s bon \u00e9tat\" \/>\n<meta property=\"og:url\" content=\"https:\/\/soguefripe.fr\/index.php\/produit\/chemise-ralph-lauren-garcon\/\" \/>\n<meta property=\"og:site_name\" content=\"SOGUE\" \/>\n<meta property=\"article:modified_time\" content=\"2024-10-22T12:09:19+00:00\" \/>\n<meta property=\"og:image\" content=\"http:\/\/soguefripe.fr\/wp-content\/uploads\/2024\/05\/chemise-ralph-lauren-garcon-jaune-e1717104245291.jpg\" \/>\n\t<meta property=\"og:image:width\" content=\"1704\" \/>\n\t<meta property=\"og:image:height\" content=\"1865\" \/>\n\t<meta property=\"og:image:type\" content=\"image\/jpeg\" \/>\n<meta name=\"twitter:card\" content=\"summary_large_image\" \/>\n<meta name=\"twitter:label1\" content=\"Est. reading time\" \/>\n\t<meta name=\"twitter:data1\" content=\"1 minute\" \/>\n<script type=\"application\/ld+json\" class=\"yoast-schema-graph\">{\"@context\":\"https:\\\/\\\/schema.org\",\"@graph\":[{\"@type\":\"WebPage\",\"@id\":\"https:\\\/\\\/soguefripe.fr\\\/index.php\\\/produit\\\/chemise-ralph-lauren-garcon\\\/\",\"url\":\"https:\\\/\\\/soguefripe.fr\\\/index.php\\\/produit\\\/chemise-ralph-lauren-garcon\\\/\",\"name\":\"Chemise ralph lauren gar\u00e7on - SOGUE\",\"isPartOf\":{\"@id\":\"https:\\\/\\\/soguefripe.fr\\\/#website\"},\"primaryImageOfPage\":{\"@id\":\"https:\\\/\\\/soguefripe.fr\\\/index.php\\\/produit\\\/chemise-ralph-lauren-garcon\\\/#primaryimage\"},\"image\":{\"@id\":\"https:\\\/\\\/soguefripe.fr\\\/index.php\\\/produit\\\/chemise-ralph-lauren-garcon\\\/#primaryimage\"},\"thumbnailUrl\":\"https:\\\/\\\/soguefripe.fr\\\/wp-content\\\/uploads\\\/2024\\\/05\\\/chemise-ralph-lauren-garcon-jaune-e1717104245291.jpg\",\"datePublished\":\"2024-05-30T21:32:52+00:00\",\"dateModified\":\"2024-10-22T12:09:19+00:00\",\"description\":\"chemise Ralph Lauren gar\u00e7on jaune d'occasion, manches longues 100% coton, cette chemise Ralph Lauren seconde main est en tr\u00e8s bon \u00e9tat\",\"breadcrumb\":{\"@id\":\"https:\\\/\\\/soguefripe.fr\\\/index.php\\\/produit\\\/chemise-ralph-lauren-garcon\\\/#breadcrumb\"},\"inLanguage\":\"en-US\",\"potentialAction\":[{\"@type\":\"ReadAction\",\"target\":[\"https:\\\/\\\/soguefripe.fr\\\/index.php\\\/produit\\\/chemise-ralph-lauren-garcon\\\/\"]}]},{\"@type\":\"ImageObject\",\"inLanguage\":\"en-US\",\"@id\":\"https:\\\/\\\/soguefripe.fr\\\/index.php\\\/produit\\\/chemise-ralph-lauren-garcon\\\/#primaryimage\",\"url\":\"https:\\\/\\\/soguefripe.fr\\\/wp-content\\\/uploads\\\/2024\\\/05\\\/chemise-ralph-lauren-garcon-jaune-e1717104245291.jpg\",\"contentUrl\":\"https:\\\/\\\/soguefripe.fr\\\/wp-content\\\/uploads\\\/2024\\\/05\\\/chemise-ralph-lauren-garcon-jaune-e1717104245291.jpg\",\"width\":1704,\"height\":1865},{\"@type\":\"BreadcrumbList\",\"@id\":\"https:\\\/\\\/soguefripe.fr\\\/index.php\\\/produit\\\/chemise-ralph-lauren-garcon\\\/#breadcrumb\",\"itemListElement\":[{\"@type\":\"ListItem\",\"position\":1,\"name\":\"Accueil\",\"item\":\"https:\\\/\\\/soguefripe.fr\\\/\"},{\"@type\":\"ListItem\",\"position\":2,\"name\":\"Boutique\",\"item\":\"https:\\\/\\\/soguefripe.fr\\\/index.php\\\/boutique\\\/\"},{\"@type\":\"ListItem\",\"position\":3,\"name\":\"Chemise ralph lauren gar\u00e7on\"}]},{\"@type\":\"WebSite\",\"@id\":\"https:\\\/\\\/soguefripe.fr\\\/#website\",\"url\":\"https:\\\/\\\/soguefripe.fr\\\/\",\"name\":\"SOGUE\",\"description\":\"Friperie en ligne\",\"publisher\":{\"@id\":\"https:\\\/\\\/soguefripe.fr\\\/#organization\"},\"potentialAction\":[{\"@type\":\"SearchAction\",\"target\":{\"@type\":\"EntryPoint\",\"urlTemplate\":\"https:\\\/\\\/soguefripe.fr\\\/?s={search_term_string}\"},\"query-input\":{\"@type\":\"PropertyValueSpecification\",\"valueRequired\":true,\"valueName\":\"search_term_string\"}}],\"inLanguage\":\"en-US\"},{\"@type\":\"Organization\",\"@id\":\"https:\\\/\\\/soguefripe.fr\\\/#organization\",\"name\":\"SOGUE\",\"url\":\"https:\\\/\\\/soguefripe.fr\\\/\",\"logo\":{\"@type\":\"ImageObject\",\"inLanguage\":\"en-US\",\"@id\":\"https:\\\/\\\/soguefripe.fr\\\/#\\\/schema\\\/logo\\\/image\\\/\",\"url\":\"https:\\\/\\\/soguefripe.fr\\\/wp-content\\\/uploads\\\/2024\\\/03\\\/cropped-Gold-Sun-Line-Burst-Minimalist-Wellness-Coach-Logo-1-e1700566806992-removebg-preview-1.png\",\"contentUrl\":\"https:\\\/\\\/soguefripe.fr\\\/wp-content\\\/uploads\\\/2024\\\/03\\\/cropped-Gold-Sun-Line-Burst-Minimalist-Wellness-Coach-Logo-1-e1700566806992-removebg-preview-1.png\",\"width\":489,\"height\":493,\"caption\":\"SOGUE\"},\"image\":{\"@id\":\"https:\\\/\\\/soguefripe.fr\\\/#\\\/schema\\\/logo\\\/image\\\/\"}}]}<\/script>\n<!-- \/ Yoast SEO plugin. -->","yoast_head_json":{"title":"Chemise ralph lauren gar\u00e7on - SOGUE","description":"chemise Ralph Lauren gar\u00e7on jaune d'occasion, manches longues 100% coton, cette chemise Ralph Lauren seconde main est en tr\u00e8s bon \u00e9tat","robots":{"index":"index","follow":"follow","max-snippet":"max-snippet:-1","max-image-preview":"max-image-preview:large","max-video-preview":"max-video-preview:-1"},"canonical":"https:\/\/soguefripe.fr\/index.php\/produit\/chemise-ralph-lauren-garcon\/","og_locale":"en_US","og_type":"article","og_title":"Chemise ralph lauren gar\u00e7on - SOGUE","og_description":"chemise Ralph Lauren gar\u00e7on jaune d'occasion, manches longues 100% coton, cette chemise Ralph Lauren seconde main est en tr\u00e8s bon \u00e9tat","og_url":"https:\/\/soguefripe.fr\/index.php\/produit\/chemise-ralph-lauren-garcon\/","og_site_name":"SOGUE","article_modified_time":"2024-10-22T12:09:19+00:00","og_image":[{"width":1704,"height":1865,"url":"http:\/\/soguefripe.fr\/wp-content\/uploads\/2024\/05\/chemise-ralph-lauren-garcon-jaune-e1717104245291.jpg","type":"image\/jpeg"}],"twitter_card":"summary_large_image","twitter_misc":{"Est. reading time":"1 minute"},"schema":{"@context":"https:\/\/schema.org","@graph":[{"@type":"WebPage","@id":"https:\/\/soguefripe.fr\/index.php\/produit\/chemise-ralph-lauren-garcon\/","url":"https:\/\/soguefripe.fr\/index.php\/produit\/chemise-ralph-lauren-garcon\/","name":"Chemise ralph lauren gar\u00e7on - SOGUE","isPartOf":{"@id":"https:\/\/soguefripe.fr\/#website"},"primaryImageOfPage":{"@id":"https:\/\/soguefripe.fr\/index.php\/produit\/chemise-ralph-lauren-garcon\/#primaryimage"},"image":{"@id":"https:\/\/soguefripe.fr\/index.php\/produit\/chemise-ralph-lauren-garcon\/#primaryimage"},"thumbnailUrl":"https:\/\/soguefripe.fr\/wp-content\/uploads\/2024\/05\/chemise-ralph-lauren-garcon-jaune-e1717104245291.jpg","datePublished":"2024-05-30T21:32:52+00:00","dateModified":"2024-10-22T12:09:19+00:00","description":"chemise Ralph Lauren gar\u00e7on jaune d'occasion, manches longues 100% coton, cette chemise Ralph Lauren seconde main est en tr\u00e8s bon \u00e9tat","breadcrumb":{"@id":"https:\/\/soguefripe.fr\/index.php\/produit\/chemise-ralph-lauren-garcon\/#breadcrumb"},"inLanguage":"en-US","potentialAction":[{"@type":"ReadAction","target":["https:\/\/soguefripe.fr\/index.php\/produit\/chemise-ralph-lauren-garcon\/"]}]},{"@type":"ImageObject","inLanguage":"en-US","@id":"https:\/\/soguefripe.fr\/index.php\/produit\/chemise-ralph-lauren-garcon\/#primaryimage","url":"https:\/\/soguefripe.fr\/wp-content\/uploads\/2024\/05\/chemise-ralph-lauren-garcon-jaune-e1717104245291.jpg","contentUrl":"https:\/\/soguefripe.fr\/wp-content\/uploads\/2024\/05\/chemise-ralph-lauren-garcon-jaune-e1717104245291.jpg","width":1704,"height":1865},{"@type":"BreadcrumbList","@id":"https:\/\/soguefripe.fr\/index.php\/produit\/chemise-ralph-lauren-garcon\/#breadcrumb","itemListElement":[{"@type":"ListItem","position":1,"name":"Accueil","item":"https:\/\/soguefripe.fr\/"},{"@type":"ListItem","position":2,"name":"Boutique","item":"https:\/\/soguefripe.fr\/index.php\/boutique\/"},{"@type":"ListItem","position":3,"name":"Chemise ralph lauren gar\u00e7on"}]},{"@type":"WebSite","@id":"https:\/\/soguefripe.fr\/#website","url":"https:\/\/soguefripe.fr\/","name":"SOGUE","description":"Friperie en ligne","publisher":{"@id":"https:\/\/soguefripe.fr\/#organization"},"potentialAction":[{"@type":"SearchAction","target":{"@type":"EntryPoint","urlTemplate":"https:\/\/soguefripe.fr\/?s={search_term_string}"},"query-input":{"@type":"PropertyValueSpecification","valueRequired":true,"valueName":"search_term_string"}}],"inLanguage":"en-US"},{"@type":"Organization","@id":"https:\/\/soguefripe.fr\/#organization","name":"SOGUE","url":"https:\/\/soguefripe.fr\/","logo":{"@type":"ImageObject","inLanguage":"en-US","@id":"https:\/\/soguefripe.fr\/#\/schema\/logo\/image\/","url":"https:\/\/soguefripe.fr\/wp-content\/uploads\/2024\/03\/cropped-Gold-Sun-Line-Burst-Minimalist-Wellness-Coach-Logo-1-e1700566806992-removebg-preview-1.png","contentUrl":"https:\/\/soguefripe.fr\/wp-content\/uploads\/2024\/03\/cropped-Gold-Sun-Line-Burst-Minimalist-Wellness-Coach-Logo-1-e1700566806992-removebg-preview-1.png","width":489,"height":493,"caption":"SOGUE"},"image":{"@id":"https:\/\/soguefripe.fr\/#\/schema\/logo\/image\/"}}]}},"_links":{"self":[{"href":"https:\/\/soguefripe.fr\/index.php\/wp-json\/wp\/v2\/product\/4978","targetHints":{"allow":["GET"]}}],"collection":[{"href":"https:\/\/soguefripe.fr\/index.php\/wp-json\/wp\/v2\/product"}],"about":[{"href":"https:\/\/soguefripe.fr\/index.php\/wp-json\/wp\/v2\/types\/product"}],"replies":[{"embeddable":true,"href":"https:\/\/soguefripe.fr\/index.php\/wp-json\/wp\/v2\/comments?post=4978"}],"version-history":[{"count":1,"href":"https:\/\/soguefripe.fr\/index.php\/wp-json\/wp\/v2\/product\/4978\/revisions"}],"predecessor-version":[{"id":4988,"href":"https:\/\/soguefripe.fr\/index.php\/wp-json\/wp\/v2\/product\/4978\/revisions\/4988"}],"wp:featuredmedia":[{"embeddable":true,"href":"https:\/\/soguefripe.fr\/index.php\/wp-json\/wp\/v2\/media\/4979"}],"wp:attachment":[{"href":"https:\/\/soguefripe.fr\/index.php\/wp-json\/wp\/v2\/media?parent=4978"}],"wp:term":[{"taxonomy":"product_brand","embeddable":true,"href":"https:\/\/soguefripe.fr\/index.php\/wp-json\/wp\/v2\/product_brand?post=4978"},{"taxonomy":"product_cat","embeddable":true,"href":"https:\/\/soguefripe.fr\/index.php\/wp-json\/wp\/v2\/product_cat?post=4978"},{"taxonomy":"product_tag","embeddable":true,"href":"https:\/\/soguefripe.fr\/index.php\/wp-json\/wp\/v2\/product_tag?post=4978"}],"curies":[{"name":"wp","href":"https:\/\/api.w.org\/{rel}","templated":true}]}}