{"id":5055,"date":"2024-06-24T23:08:53","date_gmt":"2024-06-24T21:08:53","guid":{"rendered":"https:\/\/soguefripe.fr\/?post_type=product&#038;p=5055"},"modified":"2024-06-24T23:08:53","modified_gmt":"2024-06-24T21:08:53","slug":"trench-london-fog-femme","status":"publish","type":"product","link":"https:\/\/soguefripe.fr\/index.php\/produit\/trench-london-fog-femme\/","title":{"rendered":"Trench London Fog femme"},"content":{"rendered":"<div>Trench vintage femme london fog confectionn\u00e9 dans un tissu imperm\u00e9able 100%polyester double boutonnage, 2 doublures et une d\u00e9tachable il manque 1 attache du bas de manche, tr\u00e8s joli Trench<\/div>\n<div>Voir photos pour les dimensions<\/div>\n","protected":false},"excerpt":{"rendered":"<p>Trench Vintage London Fog en tr\u00e8s bon \u00e9tat<\/p>\n","protected":false},"featured_media":5056,"comment_status":"open","ping_status":"closed","template":"","meta":{"site-sidebar-layout":"default","site-content-layout":"","ast-site-content-layout":"default","site-content-style":"default","site-sidebar-style":"default","ast-global-header-display":"","ast-banner-title-visibility":"","ast-main-header-display":"","ast-hfb-above-header-display":"","ast-hfb-below-header-display":"","ast-hfb-mobile-header-display":"","site-post-title":"","ast-breadcrumbs-content":"","ast-featured-img":"","footer-sml-layout":"","theme-transparent-header-meta":"default","adv-header-id-meta":"","stick-header-meta":"","header-above-stick-meta":"","header-main-stick-meta":"","header-below-stick-meta":"","astra-migrate-meta-layouts":"set","ast-page-background-enabled":"default","ast-page-background-meta":{"desktop":{"background-color":"","background-image":"","background-repeat":"repeat","background-position":"center center","background-size":"auto","background-attachment":"scroll","background-type":"","background-media":"","overlay-type":"","overlay-color":"","overlay-gradient":""},"tablet":{"background-color":"","background-image":"","background-repeat":"repeat","background-position":"center center","background-size":"auto","background-attachment":"scroll","background-type":"","background-media":"","overlay-type":"","overlay-color":"","overlay-gradient":""},"mobile":{"background-color":"","background-image":"","background-repeat":"repeat","background-position":"center center","background-size":"auto","background-attachment":"scroll","background-type":"","background-media":"","overlay-type":"","overlay-color":"","overlay-gradient":""}},"ast-content-background-meta":{"desktop":{"background-color":"var(--ast-global-color-5)","background-image":"","background-repeat":"repeat","background-position":"center center","background-size":"auto","background-attachment":"scroll","background-type":"","background-media":"","overlay-type":"","overlay-color":"","overlay-gradient":""},"tablet":{"background-color":"var(--ast-global-color-5)","background-image":"","background-repeat":"repeat","background-position":"center center","background-size":"auto","background-attachment":"scroll","background-type":"","background-media":"","overlay-type":"","overlay-color":"","overlay-gradient":""},"mobile":{"background-color":"var(--ast-global-color-5)","background-image":"","background-repeat":"repeat","background-position":"center center","background-size":"auto","background-attachment":"scroll","background-type":"","background-media":"","overlay-type":"","overlay-color":"","overlay-gradient":""}}},"product_brand":[],"product_cat":[58,91],"product_tag":[],"class_list":{"0":"post-5055","1":"product","2":"type-product","3":"status-publish","4":"has-post-thumbnail","6":"product_cat-femme","7":"product_cat-manteaux-femme","8":"desktop-align-left","9":"tablet-align-left","10":"mobile-align-left","12":"first","13":"instock","14":"taxable","15":"shipping-taxable","16":"purchasable","17":"product-type-simple"},"yoast_head":"<!-- This site is optimized with the Yoast SEO plugin v27.4 - https:\/\/yoast.com\/product\/yoast-seo-wordpress\/ -->\n<title>Trench London Fog femme - SOGUE<\/title>\n<meta name=\"description\" content=\"Trench vintage femme london fog confectionn\u00e9 dans un tissu imperm\u00e9able 100%polyester double boutonnage, 2 doublures, une d\u00e9tachable\" \/>\n<meta name=\"robots\" content=\"index, follow, max-snippet:-1, max-image-preview:large, max-video-preview:-1\" \/>\n<link rel=\"canonical\" href=\"https:\/\/soguefripe.fr\/index.php\/produit\/trench-london-fog-femme\/\" \/>\n<meta property=\"og:locale\" content=\"en_US\" \/>\n<meta property=\"og:type\" content=\"article\" \/>\n<meta property=\"og:title\" content=\"Trench London Fog femme - SOGUE\" \/>\n<meta property=\"og:description\" content=\"Trench vintage femme london fog confectionn\u00e9 dans un tissu imperm\u00e9able 100%polyester double boutonnage, 2 doublures, une d\u00e9tachable\" \/>\n<meta property=\"og:url\" content=\"https:\/\/soguefripe.fr\/index.php\/produit\/trench-london-fog-femme\/\" \/>\n<meta property=\"og:site_name\" content=\"SOGUE\" \/>\n<meta property=\"og:image\" content=\"http:\/\/soguefripe.fr\/wp-content\/uploads\/2024\/06\/Trench-femme-noir-London-fog.jpg\" \/>\n\t<meta property=\"og:image:width\" content=\"1728\" \/>\n\t<meta property=\"og:image:height\" content=\"2160\" \/>\n\t<meta property=\"og:image:type\" content=\"image\/jpeg\" \/>\n<meta name=\"twitter:card\" content=\"summary_large_image\" \/>\n<meta name=\"twitter:label1\" content=\"Est. reading time\" \/>\n\t<meta name=\"twitter:data1\" content=\"1 minute\" \/>\n<script type=\"application\/ld+json\" class=\"yoast-schema-graph\">{\"@context\":\"https:\\\/\\\/schema.org\",\"@graph\":[{\"@type\":\"WebPage\",\"@id\":\"https:\\\/\\\/soguefripe.fr\\\/index.php\\\/produit\\\/trench-london-fog-femme\\\/\",\"url\":\"https:\\\/\\\/soguefripe.fr\\\/index.php\\\/produit\\\/trench-london-fog-femme\\\/\",\"name\":\"Trench London Fog femme - SOGUE\",\"isPartOf\":{\"@id\":\"https:\\\/\\\/soguefripe.fr\\\/#website\"},\"primaryImageOfPage\":{\"@id\":\"https:\\\/\\\/soguefripe.fr\\\/index.php\\\/produit\\\/trench-london-fog-femme\\\/#primaryimage\"},\"image\":{\"@id\":\"https:\\\/\\\/soguefripe.fr\\\/index.php\\\/produit\\\/trench-london-fog-femme\\\/#primaryimage\"},\"thumbnailUrl\":\"https:\\\/\\\/soguefripe.fr\\\/wp-content\\\/uploads\\\/2024\\\/06\\\/Trench-femme-noir-London-fog.jpg\",\"datePublished\":\"2024-06-24T21:08:53+00:00\",\"description\":\"Trench vintage femme london fog confectionn\u00e9 dans un tissu imperm\u00e9able 100%polyester double boutonnage, 2 doublures, une d\u00e9tachable\",\"breadcrumb\":{\"@id\":\"https:\\\/\\\/soguefripe.fr\\\/index.php\\\/produit\\\/trench-london-fog-femme\\\/#breadcrumb\"},\"inLanguage\":\"en-US\",\"potentialAction\":[{\"@type\":\"ReadAction\",\"target\":[\"https:\\\/\\\/soguefripe.fr\\\/index.php\\\/produit\\\/trench-london-fog-femme\\\/\"]}]},{\"@type\":\"ImageObject\",\"inLanguage\":\"en-US\",\"@id\":\"https:\\\/\\\/soguefripe.fr\\\/index.php\\\/produit\\\/trench-london-fog-femme\\\/#primaryimage\",\"url\":\"https:\\\/\\\/soguefripe.fr\\\/wp-content\\\/uploads\\\/2024\\\/06\\\/Trench-femme-noir-London-fog.jpg\",\"contentUrl\":\"https:\\\/\\\/soguefripe.fr\\\/wp-content\\\/uploads\\\/2024\\\/06\\\/Trench-femme-noir-London-fog.jpg\",\"width\":1728,\"height\":2160},{\"@type\":\"BreadcrumbList\",\"@id\":\"https:\\\/\\\/soguefripe.fr\\\/index.php\\\/produit\\\/trench-london-fog-femme\\\/#breadcrumb\",\"itemListElement\":[{\"@type\":\"ListItem\",\"position\":1,\"name\":\"Accueil\",\"item\":\"https:\\\/\\\/soguefripe.fr\\\/\"},{\"@type\":\"ListItem\",\"position\":2,\"name\":\"Boutique\",\"item\":\"https:\\\/\\\/soguefripe.fr\\\/index.php\\\/boutique\\\/\"},{\"@type\":\"ListItem\",\"position\":3,\"name\":\"Trench London Fog femme\"}]},{\"@type\":\"WebSite\",\"@id\":\"https:\\\/\\\/soguefripe.fr\\\/#website\",\"url\":\"https:\\\/\\\/soguefripe.fr\\\/\",\"name\":\"SOGUE\",\"description\":\"Friperie en ligne\",\"publisher\":{\"@id\":\"https:\\\/\\\/soguefripe.fr\\\/#organization\"},\"potentialAction\":[{\"@type\":\"SearchAction\",\"target\":{\"@type\":\"EntryPoint\",\"urlTemplate\":\"https:\\\/\\\/soguefripe.fr\\\/?s={search_term_string}\"},\"query-input\":{\"@type\":\"PropertyValueSpecification\",\"valueRequired\":true,\"valueName\":\"search_term_string\"}}],\"inLanguage\":\"en-US\"},{\"@type\":\"Organization\",\"@id\":\"https:\\\/\\\/soguefripe.fr\\\/#organization\",\"name\":\"SOGUE\",\"url\":\"https:\\\/\\\/soguefripe.fr\\\/\",\"logo\":{\"@type\":\"ImageObject\",\"inLanguage\":\"en-US\",\"@id\":\"https:\\\/\\\/soguefripe.fr\\\/#\\\/schema\\\/logo\\\/image\\\/\",\"url\":\"https:\\\/\\\/soguefripe.fr\\\/wp-content\\\/uploads\\\/2024\\\/03\\\/cropped-Gold-Sun-Line-Burst-Minimalist-Wellness-Coach-Logo-1-e1700566806992-removebg-preview-1.png\",\"contentUrl\":\"https:\\\/\\\/soguefripe.fr\\\/wp-content\\\/uploads\\\/2024\\\/03\\\/cropped-Gold-Sun-Line-Burst-Minimalist-Wellness-Coach-Logo-1-e1700566806992-removebg-preview-1.png\",\"width\":489,\"height\":493,\"caption\":\"SOGUE\"},\"image\":{\"@id\":\"https:\\\/\\\/soguefripe.fr\\\/#\\\/schema\\\/logo\\\/image\\\/\"}}]}<\/script>\n<!-- \/ Yoast SEO plugin. -->","yoast_head_json":{"title":"Trench London Fog femme - SOGUE","description":"Trench vintage femme london fog confectionn\u00e9 dans un tissu imperm\u00e9able 100%polyester double boutonnage, 2 doublures, une d\u00e9tachable","robots":{"index":"index","follow":"follow","max-snippet":"max-snippet:-1","max-image-preview":"max-image-preview:large","max-video-preview":"max-video-preview:-1"},"canonical":"https:\/\/soguefripe.fr\/index.php\/produit\/trench-london-fog-femme\/","og_locale":"en_US","og_type":"article","og_title":"Trench London Fog femme - SOGUE","og_description":"Trench vintage femme london fog confectionn\u00e9 dans un tissu imperm\u00e9able 100%polyester double boutonnage, 2 doublures, une d\u00e9tachable","og_url":"https:\/\/soguefripe.fr\/index.php\/produit\/trench-london-fog-femme\/","og_site_name":"SOGUE","og_image":[{"width":1728,"height":2160,"url":"http:\/\/soguefripe.fr\/wp-content\/uploads\/2024\/06\/Trench-femme-noir-London-fog.jpg","type":"image\/jpeg"}],"twitter_card":"summary_large_image","twitter_misc":{"Est. reading time":"1 minute"},"schema":{"@context":"https:\/\/schema.org","@graph":[{"@type":"WebPage","@id":"https:\/\/soguefripe.fr\/index.php\/produit\/trench-london-fog-femme\/","url":"https:\/\/soguefripe.fr\/index.php\/produit\/trench-london-fog-femme\/","name":"Trench London Fog femme - SOGUE","isPartOf":{"@id":"https:\/\/soguefripe.fr\/#website"},"primaryImageOfPage":{"@id":"https:\/\/soguefripe.fr\/index.php\/produit\/trench-london-fog-femme\/#primaryimage"},"image":{"@id":"https:\/\/soguefripe.fr\/index.php\/produit\/trench-london-fog-femme\/#primaryimage"},"thumbnailUrl":"https:\/\/soguefripe.fr\/wp-content\/uploads\/2024\/06\/Trench-femme-noir-London-fog.jpg","datePublished":"2024-06-24T21:08:53+00:00","description":"Trench vintage femme london fog confectionn\u00e9 dans un tissu imperm\u00e9able 100%polyester double boutonnage, 2 doublures, une d\u00e9tachable","breadcrumb":{"@id":"https:\/\/soguefripe.fr\/index.php\/produit\/trench-london-fog-femme\/#breadcrumb"},"inLanguage":"en-US","potentialAction":[{"@type":"ReadAction","target":["https:\/\/soguefripe.fr\/index.php\/produit\/trench-london-fog-femme\/"]}]},{"@type":"ImageObject","inLanguage":"en-US","@id":"https:\/\/soguefripe.fr\/index.php\/produit\/trench-london-fog-femme\/#primaryimage","url":"https:\/\/soguefripe.fr\/wp-content\/uploads\/2024\/06\/Trench-femme-noir-London-fog.jpg","contentUrl":"https:\/\/soguefripe.fr\/wp-content\/uploads\/2024\/06\/Trench-femme-noir-London-fog.jpg","width":1728,"height":2160},{"@type":"BreadcrumbList","@id":"https:\/\/soguefripe.fr\/index.php\/produit\/trench-london-fog-femme\/#breadcrumb","itemListElement":[{"@type":"ListItem","position":1,"name":"Accueil","item":"https:\/\/soguefripe.fr\/"},{"@type":"ListItem","position":2,"name":"Boutique","item":"https:\/\/soguefripe.fr\/index.php\/boutique\/"},{"@type":"ListItem","position":3,"name":"Trench London Fog femme"}]},{"@type":"WebSite","@id":"https:\/\/soguefripe.fr\/#website","url":"https:\/\/soguefripe.fr\/","name":"SOGUE","description":"Friperie en ligne","publisher":{"@id":"https:\/\/soguefripe.fr\/#organization"},"potentialAction":[{"@type":"SearchAction","target":{"@type":"EntryPoint","urlTemplate":"https:\/\/soguefripe.fr\/?s={search_term_string}"},"query-input":{"@type":"PropertyValueSpecification","valueRequired":true,"valueName":"search_term_string"}}],"inLanguage":"en-US"},{"@type":"Organization","@id":"https:\/\/soguefripe.fr\/#organization","name":"SOGUE","url":"https:\/\/soguefripe.fr\/","logo":{"@type":"ImageObject","inLanguage":"en-US","@id":"https:\/\/soguefripe.fr\/#\/schema\/logo\/image\/","url":"https:\/\/soguefripe.fr\/wp-content\/uploads\/2024\/03\/cropped-Gold-Sun-Line-Burst-Minimalist-Wellness-Coach-Logo-1-e1700566806992-removebg-preview-1.png","contentUrl":"https:\/\/soguefripe.fr\/wp-content\/uploads\/2024\/03\/cropped-Gold-Sun-Line-Burst-Minimalist-Wellness-Coach-Logo-1-e1700566806992-removebg-preview-1.png","width":489,"height":493,"caption":"SOGUE"},"image":{"@id":"https:\/\/soguefripe.fr\/#\/schema\/logo\/image\/"}}]}},"_links":{"self":[{"href":"https:\/\/soguefripe.fr\/index.php\/wp-json\/wp\/v2\/product\/5055","targetHints":{"allow":["GET"]}}],"collection":[{"href":"https:\/\/soguefripe.fr\/index.php\/wp-json\/wp\/v2\/product"}],"about":[{"href":"https:\/\/soguefripe.fr\/index.php\/wp-json\/wp\/v2\/types\/product"}],"replies":[{"embeddable":true,"href":"https:\/\/soguefripe.fr\/index.php\/wp-json\/wp\/v2\/comments?post=5055"}],"version-history":[{"count":1,"href":"https:\/\/soguefripe.fr\/index.php\/wp-json\/wp\/v2\/product\/5055\/revisions"}],"predecessor-version":[{"id":5063,"href":"https:\/\/soguefripe.fr\/index.php\/wp-json\/wp\/v2\/product\/5055\/revisions\/5063"}],"wp:featuredmedia":[{"embeddable":true,"href":"https:\/\/soguefripe.fr\/index.php\/wp-json\/wp\/v2\/media\/5056"}],"wp:attachment":[{"href":"https:\/\/soguefripe.fr\/index.php\/wp-json\/wp\/v2\/media?parent=5055"}],"wp:term":[{"taxonomy":"product_brand","embeddable":true,"href":"https:\/\/soguefripe.fr\/index.php\/wp-json\/wp\/v2\/product_brand?post=5055"},{"taxonomy":"product_cat","embeddable":true,"href":"https:\/\/soguefripe.fr\/index.php\/wp-json\/wp\/v2\/product_cat?post=5055"},{"taxonomy":"product_tag","embeddable":true,"href":"https:\/\/soguefripe.fr\/index.php\/wp-json\/wp\/v2\/product_tag?post=5055"}],"curies":[{"name":"wp","href":"https:\/\/api.w.org\/{rel}","templated":true}]}}