{"id":5148,"date":"2024-07-17T23:25:05","date_gmt":"2024-07-17T21:25:05","guid":{"rendered":"https:\/\/soguefripe.fr\/?post_type=product&#038;p=5148"},"modified":"2024-07-17T23:25:05","modified_gmt":"2024-07-17T21:25:05","slug":"chemise-homme-7diamonds","status":"publish","type":"product","link":"https:\/\/soguefripe.fr\/index.php\/produit\/chemise-homme-7diamonds\/","title":{"rendered":"chemise homme 7diamonds"},"content":{"rendered":"<p>Chemise homme 7Diamonds, fermeture par boutonnage col \u00e0 revers manches courtes 2 poches plaqu\u00e9es sur la poitrine manque un bouton taille XL confectionn\u00e9e dans un tissu 100% coton tr\u00e8s bon \u00e9tat<\/p>\n","protected":false},"excerpt":{"rendered":"<p>Chemise homme 7Diamonds, taille XL confectionn\u00e9e dans un tissu 100% coton tr\u00e8s bon \u00e9tat<\/p>\n","protected":false},"featured_media":5149,"comment_status":"open","ping_status":"closed","template":"","meta":{"site-sidebar-layout":"default","site-content-layout":"","ast-site-content-layout":"default","site-content-style":"default","site-sidebar-style":"default","ast-global-header-display":"","ast-banner-title-visibility":"","ast-main-header-display":"","ast-hfb-above-header-display":"","ast-hfb-below-header-display":"","ast-hfb-mobile-header-display":"","site-post-title":"","ast-breadcrumbs-content":"","ast-featured-img":"","footer-sml-layout":"","theme-transparent-header-meta":"default","adv-header-id-meta":"","stick-header-meta":"","header-above-stick-meta":"","header-main-stick-meta":"","header-below-stick-meta":"","astra-migrate-meta-layouts":"set","ast-page-background-enabled":"default","ast-page-background-meta":{"desktop":{"background-color":"","background-image":"","background-repeat":"repeat","background-position":"center center","background-size":"auto","background-attachment":"scroll","background-type":"","background-media":"","overlay-type":"","overlay-color":"","overlay-gradient":""},"tablet":{"background-color":"","background-image":"","background-repeat":"repeat","background-position":"center center","background-size":"auto","background-attachment":"scroll","background-type":"","background-media":"","overlay-type":"","overlay-color":"","overlay-gradient":""},"mobile":{"background-color":"","background-image":"","background-repeat":"repeat","background-position":"center center","background-size":"auto","background-attachment":"scroll","background-type":"","background-media":"","overlay-type":"","overlay-color":"","overlay-gradient":""}},"ast-content-background-meta":{"desktop":{"background-color":"var(--ast-global-color-5)","background-image":"","background-repeat":"repeat","background-position":"center center","background-size":"auto","background-attachment":"scroll","background-type":"","background-media":"","overlay-type":"","overlay-color":"","overlay-gradient":""},"tablet":{"background-color":"var(--ast-global-color-5)","background-image":"","background-repeat":"repeat","background-position":"center center","background-size":"auto","background-attachment":"scroll","background-type":"","background-media":"","overlay-type":"","overlay-color":"","overlay-gradient":""},"mobile":{"background-color":"var(--ast-global-color-5)","background-image":"","background-repeat":"repeat","background-position":"center center","background-size":"auto","background-attachment":"scroll","background-type":"","background-media":"","overlay-type":"","overlay-color":"","overlay-gradient":""}}},"product_brand":[],"product_cat":[110,57],"product_tag":[],"class_list":{"0":"post-5148","1":"product","2":"type-product","3":"status-publish","4":"has-post-thumbnail","6":"product_cat-chemise","7":"product_cat-homme","8":"desktop-align-left","9":"tablet-align-left","10":"mobile-align-left","12":"first","13":"instock","14":"taxable","15":"shipping-taxable","16":"purchasable","17":"product-type-simple"},"yoast_head":"<!-- This site is optimized with the Yoast SEO plugin v27.4 - https:\/\/yoast.com\/product\/yoast-seo-wordpress\/ -->\n<title>chemise homme 7diamonds - SOGUE<\/title>\n<meta name=\"description\" content=\"Chemise d&#039;occasion homme 7Diamonds, manches courtes 2 poches plaqu\u00e9es sur la poitrine manque un bouton taille XL confectionn\u00e9e dans un tissu 100% coton\" \/>\n<meta name=\"robots\" content=\"index, follow, max-snippet:-1, max-image-preview:large, max-video-preview:-1\" \/>\n<link rel=\"canonical\" href=\"https:\/\/soguefripe.fr\/index.php\/produit\/chemise-homme-7diamonds\/\" \/>\n<meta property=\"og:locale\" content=\"en_US\" \/>\n<meta property=\"og:type\" content=\"article\" \/>\n<meta property=\"og:title\" content=\"chemise homme 7diamonds - SOGUE\" \/>\n<meta property=\"og:description\" content=\"Chemise d&#039;occasion homme 7Diamonds, manches courtes 2 poches plaqu\u00e9es sur la poitrine manque un bouton taille XL confectionn\u00e9e dans un tissu 100% coton\" \/>\n<meta property=\"og:url\" content=\"https:\/\/soguefripe.fr\/index.php\/produit\/chemise-homme-7diamonds\/\" \/>\n<meta property=\"og:site_name\" content=\"SOGUE\" \/>\n<meta property=\"og:image\" content=\"http:\/\/soguefripe.fr\/wp-content\/uploads\/2024\/07\/chemise-homme-7diamonds.jpg\" \/>\n\t<meta property=\"og:image:width\" content=\"1728\" \/>\n\t<meta property=\"og:image:height\" content=\"2140\" \/>\n\t<meta property=\"og:image:type\" content=\"image\/jpeg\" \/>\n<meta name=\"twitter:card\" content=\"summary_large_image\" \/>\n<meta name=\"twitter:label1\" content=\"Est. reading time\" \/>\n\t<meta name=\"twitter:data1\" content=\"1 minute\" \/>\n<script type=\"application\/ld+json\" class=\"yoast-schema-graph\">{\"@context\":\"https:\\\/\\\/schema.org\",\"@graph\":[{\"@type\":\"WebPage\",\"@id\":\"https:\\\/\\\/soguefripe.fr\\\/index.php\\\/produit\\\/chemise-homme-7diamonds\\\/\",\"url\":\"https:\\\/\\\/soguefripe.fr\\\/index.php\\\/produit\\\/chemise-homme-7diamonds\\\/\",\"name\":\"chemise homme 7diamonds - SOGUE\",\"isPartOf\":{\"@id\":\"https:\\\/\\\/soguefripe.fr\\\/#website\"},\"primaryImageOfPage\":{\"@id\":\"https:\\\/\\\/soguefripe.fr\\\/index.php\\\/produit\\\/chemise-homme-7diamonds\\\/#primaryimage\"},\"image\":{\"@id\":\"https:\\\/\\\/soguefripe.fr\\\/index.php\\\/produit\\\/chemise-homme-7diamonds\\\/#primaryimage\"},\"thumbnailUrl\":\"https:\\\/\\\/soguefripe.fr\\\/wp-content\\\/uploads\\\/2024\\\/07\\\/chemise-homme-7diamonds.jpg\",\"datePublished\":\"2024-07-17T21:25:05+00:00\",\"description\":\"Chemise d'occasion homme 7Diamonds, manches courtes 2 poches plaqu\u00e9es sur la poitrine manque un bouton taille XL confectionn\u00e9e dans un tissu 100% coton\",\"breadcrumb\":{\"@id\":\"https:\\\/\\\/soguefripe.fr\\\/index.php\\\/produit\\\/chemise-homme-7diamonds\\\/#breadcrumb\"},\"inLanguage\":\"en-US\",\"potentialAction\":[{\"@type\":\"ReadAction\",\"target\":[\"https:\\\/\\\/soguefripe.fr\\\/index.php\\\/produit\\\/chemise-homme-7diamonds\\\/\"]}]},{\"@type\":\"ImageObject\",\"inLanguage\":\"en-US\",\"@id\":\"https:\\\/\\\/soguefripe.fr\\\/index.php\\\/produit\\\/chemise-homme-7diamonds\\\/#primaryimage\",\"url\":\"https:\\\/\\\/soguefripe.fr\\\/wp-content\\\/uploads\\\/2024\\\/07\\\/chemise-homme-7diamonds.jpg\",\"contentUrl\":\"https:\\\/\\\/soguefripe.fr\\\/wp-content\\\/uploads\\\/2024\\\/07\\\/chemise-homme-7diamonds.jpg\",\"width\":1728,\"height\":2140},{\"@type\":\"BreadcrumbList\",\"@id\":\"https:\\\/\\\/soguefripe.fr\\\/index.php\\\/produit\\\/chemise-homme-7diamonds\\\/#breadcrumb\",\"itemListElement\":[{\"@type\":\"ListItem\",\"position\":1,\"name\":\"Accueil\",\"item\":\"https:\\\/\\\/soguefripe.fr\\\/\"},{\"@type\":\"ListItem\",\"position\":2,\"name\":\"Boutique\",\"item\":\"https:\\\/\\\/soguefripe.fr\\\/index.php\\\/boutique\\\/\"},{\"@type\":\"ListItem\",\"position\":3,\"name\":\"chemise homme 7diamonds\"}]},{\"@type\":\"WebSite\",\"@id\":\"https:\\\/\\\/soguefripe.fr\\\/#website\",\"url\":\"https:\\\/\\\/soguefripe.fr\\\/\",\"name\":\"SOGUE\",\"description\":\"Friperie en ligne\",\"publisher\":{\"@id\":\"https:\\\/\\\/soguefripe.fr\\\/#organization\"},\"potentialAction\":[{\"@type\":\"SearchAction\",\"target\":{\"@type\":\"EntryPoint\",\"urlTemplate\":\"https:\\\/\\\/soguefripe.fr\\\/?s={search_term_string}\"},\"query-input\":{\"@type\":\"PropertyValueSpecification\",\"valueRequired\":true,\"valueName\":\"search_term_string\"}}],\"inLanguage\":\"en-US\"},{\"@type\":\"Organization\",\"@id\":\"https:\\\/\\\/soguefripe.fr\\\/#organization\",\"name\":\"SOGUE\",\"url\":\"https:\\\/\\\/soguefripe.fr\\\/\",\"logo\":{\"@type\":\"ImageObject\",\"inLanguage\":\"en-US\",\"@id\":\"https:\\\/\\\/soguefripe.fr\\\/#\\\/schema\\\/logo\\\/image\\\/\",\"url\":\"https:\\\/\\\/soguefripe.fr\\\/wp-content\\\/uploads\\\/2024\\\/03\\\/cropped-Gold-Sun-Line-Burst-Minimalist-Wellness-Coach-Logo-1-e1700566806992-removebg-preview-1.png\",\"contentUrl\":\"https:\\\/\\\/soguefripe.fr\\\/wp-content\\\/uploads\\\/2024\\\/03\\\/cropped-Gold-Sun-Line-Burst-Minimalist-Wellness-Coach-Logo-1-e1700566806992-removebg-preview-1.png\",\"width\":489,\"height\":493,\"caption\":\"SOGUE\"},\"image\":{\"@id\":\"https:\\\/\\\/soguefripe.fr\\\/#\\\/schema\\\/logo\\\/image\\\/\"}}]}<\/script>\n<!-- \/ Yoast SEO plugin. -->","yoast_head_json":{"title":"chemise homme 7diamonds - SOGUE","description":"Chemise d'occasion homme 7Diamonds, manches courtes 2 poches plaqu\u00e9es sur la poitrine manque un bouton taille XL confectionn\u00e9e dans un tissu 100% coton","robots":{"index":"index","follow":"follow","max-snippet":"max-snippet:-1","max-image-preview":"max-image-preview:large","max-video-preview":"max-video-preview:-1"},"canonical":"https:\/\/soguefripe.fr\/index.php\/produit\/chemise-homme-7diamonds\/","og_locale":"en_US","og_type":"article","og_title":"chemise homme 7diamonds - SOGUE","og_description":"Chemise d'occasion homme 7Diamonds, manches courtes 2 poches plaqu\u00e9es sur la poitrine manque un bouton taille XL confectionn\u00e9e dans un tissu 100% coton","og_url":"https:\/\/soguefripe.fr\/index.php\/produit\/chemise-homme-7diamonds\/","og_site_name":"SOGUE","og_image":[{"width":1728,"height":2140,"url":"http:\/\/soguefripe.fr\/wp-content\/uploads\/2024\/07\/chemise-homme-7diamonds.jpg","type":"image\/jpeg"}],"twitter_card":"summary_large_image","twitter_misc":{"Est. reading time":"1 minute"},"schema":{"@context":"https:\/\/schema.org","@graph":[{"@type":"WebPage","@id":"https:\/\/soguefripe.fr\/index.php\/produit\/chemise-homme-7diamonds\/","url":"https:\/\/soguefripe.fr\/index.php\/produit\/chemise-homme-7diamonds\/","name":"chemise homme 7diamonds - SOGUE","isPartOf":{"@id":"https:\/\/soguefripe.fr\/#website"},"primaryImageOfPage":{"@id":"https:\/\/soguefripe.fr\/index.php\/produit\/chemise-homme-7diamonds\/#primaryimage"},"image":{"@id":"https:\/\/soguefripe.fr\/index.php\/produit\/chemise-homme-7diamonds\/#primaryimage"},"thumbnailUrl":"https:\/\/soguefripe.fr\/wp-content\/uploads\/2024\/07\/chemise-homme-7diamonds.jpg","datePublished":"2024-07-17T21:25:05+00:00","description":"Chemise d'occasion homme 7Diamonds, manches courtes 2 poches plaqu\u00e9es sur la poitrine manque un bouton taille XL confectionn\u00e9e dans un tissu 100% coton","breadcrumb":{"@id":"https:\/\/soguefripe.fr\/index.php\/produit\/chemise-homme-7diamonds\/#breadcrumb"},"inLanguage":"en-US","potentialAction":[{"@type":"ReadAction","target":["https:\/\/soguefripe.fr\/index.php\/produit\/chemise-homme-7diamonds\/"]}]},{"@type":"ImageObject","inLanguage":"en-US","@id":"https:\/\/soguefripe.fr\/index.php\/produit\/chemise-homme-7diamonds\/#primaryimage","url":"https:\/\/soguefripe.fr\/wp-content\/uploads\/2024\/07\/chemise-homme-7diamonds.jpg","contentUrl":"https:\/\/soguefripe.fr\/wp-content\/uploads\/2024\/07\/chemise-homme-7diamonds.jpg","width":1728,"height":2140},{"@type":"BreadcrumbList","@id":"https:\/\/soguefripe.fr\/index.php\/produit\/chemise-homme-7diamonds\/#breadcrumb","itemListElement":[{"@type":"ListItem","position":1,"name":"Accueil","item":"https:\/\/soguefripe.fr\/"},{"@type":"ListItem","position":2,"name":"Boutique","item":"https:\/\/soguefripe.fr\/index.php\/boutique\/"},{"@type":"ListItem","position":3,"name":"chemise homme 7diamonds"}]},{"@type":"WebSite","@id":"https:\/\/soguefripe.fr\/#website","url":"https:\/\/soguefripe.fr\/","name":"SOGUE","description":"Friperie en ligne","publisher":{"@id":"https:\/\/soguefripe.fr\/#organization"},"potentialAction":[{"@type":"SearchAction","target":{"@type":"EntryPoint","urlTemplate":"https:\/\/soguefripe.fr\/?s={search_term_string}"},"query-input":{"@type":"PropertyValueSpecification","valueRequired":true,"valueName":"search_term_string"}}],"inLanguage":"en-US"},{"@type":"Organization","@id":"https:\/\/soguefripe.fr\/#organization","name":"SOGUE","url":"https:\/\/soguefripe.fr\/","logo":{"@type":"ImageObject","inLanguage":"en-US","@id":"https:\/\/soguefripe.fr\/#\/schema\/logo\/image\/","url":"https:\/\/soguefripe.fr\/wp-content\/uploads\/2024\/03\/cropped-Gold-Sun-Line-Burst-Minimalist-Wellness-Coach-Logo-1-e1700566806992-removebg-preview-1.png","contentUrl":"https:\/\/soguefripe.fr\/wp-content\/uploads\/2024\/03\/cropped-Gold-Sun-Line-Burst-Minimalist-Wellness-Coach-Logo-1-e1700566806992-removebg-preview-1.png","width":489,"height":493,"caption":"SOGUE"},"image":{"@id":"https:\/\/soguefripe.fr\/#\/schema\/logo\/image\/"}}]}},"_links":{"self":[{"href":"https:\/\/soguefripe.fr\/index.php\/wp-json\/wp\/v2\/product\/5148","targetHints":{"allow":["GET"]}}],"collection":[{"href":"https:\/\/soguefripe.fr\/index.php\/wp-json\/wp\/v2\/product"}],"about":[{"href":"https:\/\/soguefripe.fr\/index.php\/wp-json\/wp\/v2\/types\/product"}],"replies":[{"embeddable":true,"href":"https:\/\/soguefripe.fr\/index.php\/wp-json\/wp\/v2\/comments?post=5148"}],"version-history":[{"count":1,"href":"https:\/\/soguefripe.fr\/index.php\/wp-json\/wp\/v2\/product\/5148\/revisions"}],"predecessor-version":[{"id":5156,"href":"https:\/\/soguefripe.fr\/index.php\/wp-json\/wp\/v2\/product\/5148\/revisions\/5156"}],"wp:featuredmedia":[{"embeddable":true,"href":"https:\/\/soguefripe.fr\/index.php\/wp-json\/wp\/v2\/media\/5149"}],"wp:attachment":[{"href":"https:\/\/soguefripe.fr\/index.php\/wp-json\/wp\/v2\/media?parent=5148"}],"wp:term":[{"taxonomy":"product_brand","embeddable":true,"href":"https:\/\/soguefripe.fr\/index.php\/wp-json\/wp\/v2\/product_brand?post=5148"},{"taxonomy":"product_cat","embeddable":true,"href":"https:\/\/soguefripe.fr\/index.php\/wp-json\/wp\/v2\/product_cat?post=5148"},{"taxonomy":"product_tag","embeddable":true,"href":"https:\/\/soguefripe.fr\/index.php\/wp-json\/wp\/v2\/product_tag?post=5148"}],"curies":[{"name":"wp","href":"https:\/\/api.w.org\/{rel}","templated":true}]}}