{"id":5167,"date":"2024-07-18T00:41:07","date_gmt":"2024-07-17T22:41:07","guid":{"rendered":"https:\/\/soguefripe.fr\/?post_type=product&#038;p=5167"},"modified":"2024-10-22T16:41:51","modified_gmt":"2024-10-22T14:41:51","slug":"chemise-tommy-hilfiger-femme-3","status":"publish","type":"product","link":"https:\/\/soguefripe.fr\/index.php\/produit\/chemise-tommy-hilfiger-femme-3\/","title":{"rendered":"Chemise Tommy Hilfiger femme"},"content":{"rendered":"<p>Chemise femme tommy hilfiger confectionn\u00e9 dans un tissu 100% coton manches longues fermeture par boutonnage col \u00e0 revers poche plaqu\u00e9e sur la poitrine des petites t\u00e2ches presque invisible sur le bas de arri\u00e8re, les dimensions sur les photos bon \u00e9tat<\/p>\n","protected":false},"excerpt":{"rendered":"<p>Chemise femme tommy hilfiger confectionn\u00e9 dans un tissu 100% coton manches longues<\/p>\n","protected":false},"featured_media":5168,"comment_status":"open","ping_status":"closed","template":"","meta":{"site-sidebar-layout":"default","site-content-layout":"","ast-site-content-layout":"default","site-content-style":"default","site-sidebar-style":"default","ast-global-header-display":"","ast-banner-title-visibility":"","ast-main-header-display":"","ast-hfb-above-header-display":"","ast-hfb-below-header-display":"","ast-hfb-mobile-header-display":"","site-post-title":"","ast-breadcrumbs-content":"","ast-featured-img":"","footer-sml-layout":"","theme-transparent-header-meta":"default","adv-header-id-meta":"","stick-header-meta":"","header-above-stick-meta":"","header-main-stick-meta":"","header-below-stick-meta":"","astra-migrate-meta-layouts":"set","ast-page-background-enabled":"default","ast-page-background-meta":{"desktop":{"background-color":"","background-image":"","background-repeat":"repeat","background-position":"center center","background-size":"auto","background-attachment":"scroll","background-type":"","background-media":"","overlay-type":"","overlay-color":"","overlay-gradient":""},"tablet":{"background-color":"","background-image":"","background-repeat":"repeat","background-position":"center center","background-size":"auto","background-attachment":"scroll","background-type":"","background-media":"","overlay-type":"","overlay-color":"","overlay-gradient":""},"mobile":{"background-color":"","background-image":"","background-repeat":"repeat","background-position":"center center","background-size":"auto","background-attachment":"scroll","background-type":"","background-media":"","overlay-type":"","overlay-color":"","overlay-gradient":""}},"ast-content-background-meta":{"desktop":{"background-color":"var(--ast-global-color-5)","background-image":"","background-repeat":"repeat","background-position":"center center","background-size":"auto","background-attachment":"scroll","background-type":"","background-media":"","overlay-type":"","overlay-color":"","overlay-gradient":""},"tablet":{"background-color":"var(--ast-global-color-5)","background-image":"","background-repeat":"repeat","background-position":"center center","background-size":"auto","background-attachment":"scroll","background-type":"","background-media":"","overlay-type":"","overlay-color":"","overlay-gradient":""},"mobile":{"background-color":"var(--ast-global-color-5)","background-image":"","background-repeat":"repeat","background-position":"center center","background-size":"auto","background-attachment":"scroll","background-type":"","background-media":"","overlay-type":"","overlay-color":"","overlay-gradient":""}}},"product_brand":[],"product_cat":[65],"product_tag":[],"class_list":{"0":"post-5167","1":"product","2":"type-product","3":"status-publish","4":"has-post-thumbnail","6":"product_cat-chemises-femme","7":"desktop-align-left","8":"tablet-align-left","9":"mobile-align-left","11":"first","12":"instock","13":"virtual","14":"taxable","15":"purchasable","16":"product-type-simple"},"yoast_head":"<!-- This site is optimized with the Yoast SEO plugin v27.4 - https:\/\/yoast.com\/product\/yoast-seo-wordpress\/ -->\n<title>Chemise Tommy Hilfiger femme - SOGUE<\/title>\n<meta name=\"description\" content=\"Chemise d&#039;occasion femme tommy hilfiger confectionn\u00e9e dans un tissu 100% coton manches longues fermeture par boutonnage col \u00e0 revers poche plaqu\u00e9e sur la poitrine\" \/>\n<meta name=\"robots\" content=\"index, follow, max-snippet:-1, max-image-preview:large, max-video-preview:-1\" \/>\n<link rel=\"canonical\" href=\"https:\/\/soguefripe.fr\/index.php\/produit\/chemise-tommy-hilfiger-femme-3\/\" \/>\n<meta property=\"og:locale\" content=\"en_US\" \/>\n<meta property=\"og:type\" content=\"article\" \/>\n<meta property=\"og:title\" content=\"Chemise Tommy Hilfiger femme - SOGUE\" \/>\n<meta property=\"og:description\" content=\"Chemise d&#039;occasion femme tommy hilfiger confectionn\u00e9e dans un tissu 100% coton manches longues fermeture par boutonnage col \u00e0 revers poche plaqu\u00e9e sur la poitrine\" \/>\n<meta property=\"og:url\" content=\"https:\/\/soguefripe.fr\/index.php\/produit\/chemise-tommy-hilfiger-femme-3\/\" \/>\n<meta property=\"og:site_name\" content=\"SOGUE\" \/>\n<meta property=\"article:modified_time\" content=\"2024-10-22T14:41:51+00:00\" \/>\n<meta property=\"og:image\" content=\"http:\/\/soguefripe.fr\/wp-content\/uploads\/2024\/07\/chemise-Tommy-Hilfiger-femme.jpg\" \/>\n\t<meta property=\"og:image:width\" content=\"1728\" \/>\n\t<meta property=\"og:image:height\" content=\"2160\" \/>\n\t<meta property=\"og:image:type\" content=\"image\/jpeg\" \/>\n<meta name=\"twitter:card\" content=\"summary_large_image\" \/>\n<meta name=\"twitter:label1\" content=\"Est. reading time\" \/>\n\t<meta name=\"twitter:data1\" content=\"1 minute\" \/>\n<script type=\"application\/ld+json\" class=\"yoast-schema-graph\">{\"@context\":\"https:\\\/\\\/schema.org\",\"@graph\":[{\"@type\":\"WebPage\",\"@id\":\"https:\\\/\\\/soguefripe.fr\\\/index.php\\\/produit\\\/chemise-tommy-hilfiger-femme-3\\\/\",\"url\":\"https:\\\/\\\/soguefripe.fr\\\/index.php\\\/produit\\\/chemise-tommy-hilfiger-femme-3\\\/\",\"name\":\"Chemise Tommy Hilfiger femme - SOGUE\",\"isPartOf\":{\"@id\":\"https:\\\/\\\/soguefripe.fr\\\/#website\"},\"primaryImageOfPage\":{\"@id\":\"https:\\\/\\\/soguefripe.fr\\\/index.php\\\/produit\\\/chemise-tommy-hilfiger-femme-3\\\/#primaryimage\"},\"image\":{\"@id\":\"https:\\\/\\\/soguefripe.fr\\\/index.php\\\/produit\\\/chemise-tommy-hilfiger-femme-3\\\/#primaryimage\"},\"thumbnailUrl\":\"https:\\\/\\\/soguefripe.fr\\\/wp-content\\\/uploads\\\/2024\\\/07\\\/chemise-Tommy-Hilfiger-femme.jpg\",\"datePublished\":\"2024-07-17T22:41:07+00:00\",\"dateModified\":\"2024-10-22T14:41:51+00:00\",\"description\":\"Chemise d'occasion femme tommy hilfiger confectionn\u00e9e dans un tissu 100% coton manches longues fermeture par boutonnage col \u00e0 revers poche plaqu\u00e9e sur la poitrine\",\"breadcrumb\":{\"@id\":\"https:\\\/\\\/soguefripe.fr\\\/index.php\\\/produit\\\/chemise-tommy-hilfiger-femme-3\\\/#breadcrumb\"},\"inLanguage\":\"en-US\",\"potentialAction\":[{\"@type\":\"ReadAction\",\"target\":[\"https:\\\/\\\/soguefripe.fr\\\/index.php\\\/produit\\\/chemise-tommy-hilfiger-femme-3\\\/\"]}]},{\"@type\":\"ImageObject\",\"inLanguage\":\"en-US\",\"@id\":\"https:\\\/\\\/soguefripe.fr\\\/index.php\\\/produit\\\/chemise-tommy-hilfiger-femme-3\\\/#primaryimage\",\"url\":\"https:\\\/\\\/soguefripe.fr\\\/wp-content\\\/uploads\\\/2024\\\/07\\\/chemise-Tommy-Hilfiger-femme.jpg\",\"contentUrl\":\"https:\\\/\\\/soguefripe.fr\\\/wp-content\\\/uploads\\\/2024\\\/07\\\/chemise-Tommy-Hilfiger-femme.jpg\",\"width\":1728,\"height\":2160},{\"@type\":\"BreadcrumbList\",\"@id\":\"https:\\\/\\\/soguefripe.fr\\\/index.php\\\/produit\\\/chemise-tommy-hilfiger-femme-3\\\/#breadcrumb\",\"itemListElement\":[{\"@type\":\"ListItem\",\"position\":1,\"name\":\"Accueil\",\"item\":\"https:\\\/\\\/soguefripe.fr\\\/\"},{\"@type\":\"ListItem\",\"position\":2,\"name\":\"Boutique\",\"item\":\"https:\\\/\\\/soguefripe.fr\\\/index.php\\\/boutique\\\/\"},{\"@type\":\"ListItem\",\"position\":3,\"name\":\"Chemise Tommy Hilfiger femme\"}]},{\"@type\":\"WebSite\",\"@id\":\"https:\\\/\\\/soguefripe.fr\\\/#website\",\"url\":\"https:\\\/\\\/soguefripe.fr\\\/\",\"name\":\"SOGUE\",\"description\":\"Friperie en ligne\",\"publisher\":{\"@id\":\"https:\\\/\\\/soguefripe.fr\\\/#organization\"},\"potentialAction\":[{\"@type\":\"SearchAction\",\"target\":{\"@type\":\"EntryPoint\",\"urlTemplate\":\"https:\\\/\\\/soguefripe.fr\\\/?s={search_term_string}\"},\"query-input\":{\"@type\":\"PropertyValueSpecification\",\"valueRequired\":true,\"valueName\":\"search_term_string\"}}],\"inLanguage\":\"en-US\"},{\"@type\":\"Organization\",\"@id\":\"https:\\\/\\\/soguefripe.fr\\\/#organization\",\"name\":\"SOGUE\",\"url\":\"https:\\\/\\\/soguefripe.fr\\\/\",\"logo\":{\"@type\":\"ImageObject\",\"inLanguage\":\"en-US\",\"@id\":\"https:\\\/\\\/soguefripe.fr\\\/#\\\/schema\\\/logo\\\/image\\\/\",\"url\":\"https:\\\/\\\/soguefripe.fr\\\/wp-content\\\/uploads\\\/2024\\\/03\\\/cropped-Gold-Sun-Line-Burst-Minimalist-Wellness-Coach-Logo-1-e1700566806992-removebg-preview-1.png\",\"contentUrl\":\"https:\\\/\\\/soguefripe.fr\\\/wp-content\\\/uploads\\\/2024\\\/03\\\/cropped-Gold-Sun-Line-Burst-Minimalist-Wellness-Coach-Logo-1-e1700566806992-removebg-preview-1.png\",\"width\":489,\"height\":493,\"caption\":\"SOGUE\"},\"image\":{\"@id\":\"https:\\\/\\\/soguefripe.fr\\\/#\\\/schema\\\/logo\\\/image\\\/\"}}]}<\/script>\n<!-- \/ Yoast SEO plugin. -->","yoast_head_json":{"title":"Chemise Tommy Hilfiger femme - SOGUE","description":"Chemise d'occasion femme tommy hilfiger confectionn\u00e9e dans un tissu 100% coton manches longues fermeture par boutonnage col \u00e0 revers poche plaqu\u00e9e sur la poitrine","robots":{"index":"index","follow":"follow","max-snippet":"max-snippet:-1","max-image-preview":"max-image-preview:large","max-video-preview":"max-video-preview:-1"},"canonical":"https:\/\/soguefripe.fr\/index.php\/produit\/chemise-tommy-hilfiger-femme-3\/","og_locale":"en_US","og_type":"article","og_title":"Chemise Tommy Hilfiger femme - SOGUE","og_description":"Chemise d'occasion femme tommy hilfiger confectionn\u00e9e dans un tissu 100% coton manches longues fermeture par boutonnage col \u00e0 revers poche plaqu\u00e9e sur la poitrine","og_url":"https:\/\/soguefripe.fr\/index.php\/produit\/chemise-tommy-hilfiger-femme-3\/","og_site_name":"SOGUE","article_modified_time":"2024-10-22T14:41:51+00:00","og_image":[{"width":1728,"height":2160,"url":"http:\/\/soguefripe.fr\/wp-content\/uploads\/2024\/07\/chemise-Tommy-Hilfiger-femme.jpg","type":"image\/jpeg"}],"twitter_card":"summary_large_image","twitter_misc":{"Est. reading time":"1 minute"},"schema":{"@context":"https:\/\/schema.org","@graph":[{"@type":"WebPage","@id":"https:\/\/soguefripe.fr\/index.php\/produit\/chemise-tommy-hilfiger-femme-3\/","url":"https:\/\/soguefripe.fr\/index.php\/produit\/chemise-tommy-hilfiger-femme-3\/","name":"Chemise Tommy Hilfiger femme - SOGUE","isPartOf":{"@id":"https:\/\/soguefripe.fr\/#website"},"primaryImageOfPage":{"@id":"https:\/\/soguefripe.fr\/index.php\/produit\/chemise-tommy-hilfiger-femme-3\/#primaryimage"},"image":{"@id":"https:\/\/soguefripe.fr\/index.php\/produit\/chemise-tommy-hilfiger-femme-3\/#primaryimage"},"thumbnailUrl":"https:\/\/soguefripe.fr\/wp-content\/uploads\/2024\/07\/chemise-Tommy-Hilfiger-femme.jpg","datePublished":"2024-07-17T22:41:07+00:00","dateModified":"2024-10-22T14:41:51+00:00","description":"Chemise d'occasion femme tommy hilfiger confectionn\u00e9e dans un tissu 100% coton manches longues fermeture par boutonnage col \u00e0 revers poche plaqu\u00e9e sur la poitrine","breadcrumb":{"@id":"https:\/\/soguefripe.fr\/index.php\/produit\/chemise-tommy-hilfiger-femme-3\/#breadcrumb"},"inLanguage":"en-US","potentialAction":[{"@type":"ReadAction","target":["https:\/\/soguefripe.fr\/index.php\/produit\/chemise-tommy-hilfiger-femme-3\/"]}]},{"@type":"ImageObject","inLanguage":"en-US","@id":"https:\/\/soguefripe.fr\/index.php\/produit\/chemise-tommy-hilfiger-femme-3\/#primaryimage","url":"https:\/\/soguefripe.fr\/wp-content\/uploads\/2024\/07\/chemise-Tommy-Hilfiger-femme.jpg","contentUrl":"https:\/\/soguefripe.fr\/wp-content\/uploads\/2024\/07\/chemise-Tommy-Hilfiger-femme.jpg","width":1728,"height":2160},{"@type":"BreadcrumbList","@id":"https:\/\/soguefripe.fr\/index.php\/produit\/chemise-tommy-hilfiger-femme-3\/#breadcrumb","itemListElement":[{"@type":"ListItem","position":1,"name":"Accueil","item":"https:\/\/soguefripe.fr\/"},{"@type":"ListItem","position":2,"name":"Boutique","item":"https:\/\/soguefripe.fr\/index.php\/boutique\/"},{"@type":"ListItem","position":3,"name":"Chemise Tommy Hilfiger femme"}]},{"@type":"WebSite","@id":"https:\/\/soguefripe.fr\/#website","url":"https:\/\/soguefripe.fr\/","name":"SOGUE","description":"Friperie en ligne","publisher":{"@id":"https:\/\/soguefripe.fr\/#organization"},"potentialAction":[{"@type":"SearchAction","target":{"@type":"EntryPoint","urlTemplate":"https:\/\/soguefripe.fr\/?s={search_term_string}"},"query-input":{"@type":"PropertyValueSpecification","valueRequired":true,"valueName":"search_term_string"}}],"inLanguage":"en-US"},{"@type":"Organization","@id":"https:\/\/soguefripe.fr\/#organization","name":"SOGUE","url":"https:\/\/soguefripe.fr\/","logo":{"@type":"ImageObject","inLanguage":"en-US","@id":"https:\/\/soguefripe.fr\/#\/schema\/logo\/image\/","url":"https:\/\/soguefripe.fr\/wp-content\/uploads\/2024\/03\/cropped-Gold-Sun-Line-Burst-Minimalist-Wellness-Coach-Logo-1-e1700566806992-removebg-preview-1.png","contentUrl":"https:\/\/soguefripe.fr\/wp-content\/uploads\/2024\/03\/cropped-Gold-Sun-Line-Burst-Minimalist-Wellness-Coach-Logo-1-e1700566806992-removebg-preview-1.png","width":489,"height":493,"caption":"SOGUE"},"image":{"@id":"https:\/\/soguefripe.fr\/#\/schema\/logo\/image\/"}}]}},"_links":{"self":[{"href":"https:\/\/soguefripe.fr\/index.php\/wp-json\/wp\/v2\/product\/5167","targetHints":{"allow":["GET"]}}],"collection":[{"href":"https:\/\/soguefripe.fr\/index.php\/wp-json\/wp\/v2\/product"}],"about":[{"href":"https:\/\/soguefripe.fr\/index.php\/wp-json\/wp\/v2\/types\/product"}],"replies":[{"embeddable":true,"href":"https:\/\/soguefripe.fr\/index.php\/wp-json\/wp\/v2\/comments?post=5167"}],"version-history":[{"count":4,"href":"https:\/\/soguefripe.fr\/index.php\/wp-json\/wp\/v2\/product\/5167\/revisions"}],"predecessor-version":[{"id":6208,"href":"https:\/\/soguefripe.fr\/index.php\/wp-json\/wp\/v2\/product\/5167\/revisions\/6208"}],"wp:featuredmedia":[{"embeddable":true,"href":"https:\/\/soguefripe.fr\/index.php\/wp-json\/wp\/v2\/media\/5168"}],"wp:attachment":[{"href":"https:\/\/soguefripe.fr\/index.php\/wp-json\/wp\/v2\/media?parent=5167"}],"wp:term":[{"taxonomy":"product_brand","embeddable":true,"href":"https:\/\/soguefripe.fr\/index.php\/wp-json\/wp\/v2\/product_brand?post=5167"},{"taxonomy":"product_cat","embeddable":true,"href":"https:\/\/soguefripe.fr\/index.php\/wp-json\/wp\/v2\/product_cat?post=5167"},{"taxonomy":"product_tag","embeddable":true,"href":"https:\/\/soguefripe.fr\/index.php\/wp-json\/wp\/v2\/product_tag?post=5167"}],"curies":[{"name":"wp","href":"https:\/\/api.w.org\/{rel}","templated":true}]}}